{"id":576,"date":"2023-11-08T13:29:18","date_gmt":"2023-11-08T11:29:18","guid":{"rendered":"https:\/\/tharros-energy.com\/?page_id=576"},"modified":"2023-11-10T14:16:38","modified_gmt":"2023-11-10T12:16:38","slug":"biodiesel","status":"publish","type":"page","link":"https:\/\/tharros-energy.com\/de\/viomaza\/biodiesel\/","title":{"rendered":"Biodiesel"},"content":{"rendered":"<div data-elementor-type=\"wp-page\" data-elementor-id=\"576\" class=\"elementor elementor-576\" data-elementor-post-type=\"page\">\n\t\t\t\t<div class=\"elementor-element elementor-element-941e943 e-flex e-con-boxed e-con e-parent\" data-id=\"941e943\" data-element_type=\"container\" data-e-type=\"container\">\n\t\t\t\t\t<div class=\"e-con-inner\">\n\t\t<div class=\"elementor-element elementor-element-44715b1 e-flex e-con-boxed e-con e-child\" data-id=\"44715b1\" data-element_type=\"container\" data-e-type=\"container\" data-settings=\"{&quot;background_background&quot;:&quot;classic&quot;}\">\n\t\t\t\t\t<div class=\"e-con-inner\">\n\t\t\t\t\t<\/div>\n\t\t\t\t<\/div>\n\t\t\t\t\t<\/div>\n\t\t\t\t<\/div>\n\t\t<div class=\"elementor-element elementor-element-bbcb30d e-flex e-con-boxed e-con e-parent\" data-id=\"bbcb30d\" data-element_type=\"container\" data-e-type=\"container\">\n\t\t\t\t\t<div class=\"e-con-inner\">\n\t\t<div class=\"elementor-element elementor-element-d7b0a82 e-flex e-con-boxed e-con e-child\" data-id=\"d7b0a82\" data-element_type=\"container\" data-e-type=\"container\" data-settings=\"{&quot;background_background&quot;:&quot;classic&quot;}\">\n\t\t\t\t\t<div class=\"e-con-inner\">\n\t\t<div class=\"elementor-element elementor-element-84ca03d e-flex e-con-boxed e-con e-child\" data-id=\"84ca03d\" data-element_type=\"container\" data-e-type=\"container\">\n\t\t\t\t\t<div class=\"e-con-inner\">\n\t\t\t\t<div class=\"elementor-element elementor-element-44b4062 elementor-widget elementor-widget-heading\" data-id=\"44b4062\" data-element_type=\"widget\" data-e-type=\"widget\" data-widget_type=\"heading.default\">\n\t\t\t\t<div class=\"elementor-widget-container\">\n\t\t\t\t\t<h2 class=\"elementor-heading-title elementor-size-default\">Sie Sind Hier:<\/h2>\t\t\t\t<\/div>\n\t\t\t\t<\/div>\n\t\t\t\t<div class=\"elementor-element elementor-element-e349b84 elementor-widget elementor-widget-heading\" data-id=\"e349b84\" data-element_type=\"widget\" data-e-type=\"widget\" data-widget_type=\"heading.default\">\n\t\t\t\t<div class=\"elementor-widget-container\">\n\t\t\t\t\t<h2 class=\"elementor-heading-title elementor-size-default\"><a href=\"https:\/\/tharros-energy.com\/de\">Startseite \u00bb<\/a><\/h2>\t\t\t\t<\/div>\n\t\t\t\t<\/div>\n\t\t\t\t<div class=\"elementor-element elementor-element-e569288 elementor-widget elementor-widget-heading\" data-id=\"e569288\" data-element_type=\"widget\" data-e-type=\"widget\" data-widget_type=\"heading.default\">\n\t\t\t\t<div class=\"elementor-widget-container\">\n\t\t\t\t\t<h2 class=\"elementor-heading-title elementor-size-default\"><a href=\"https:\/\/tharros-energy.com\/de\/viomaza\/\">Biomasse \u00bb<\/a><\/h2>\t\t\t\t<\/div>\n\t\t\t\t<\/div>\n\t\t\t\t<div class=\"elementor-element elementor-element-6fd1d4d elementor-widget elementor-widget-heading\" data-id=\"6fd1d4d\" data-element_type=\"widget\" data-e-type=\"widget\" data-widget_type=\"heading.default\">\n\t\t\t\t<div class=\"elementor-widget-container\">\n\t\t\t\t\t<h2 class=\"elementor-heading-title elementor-size-default\">Biodiesel<\/h2>\t\t\t\t<\/div>\n\t\t\t\t<\/div>\n\t\t\t\t\t<\/div>\n\t\t\t\t<\/div>\n\t\t<div class=\"elementor-element elementor-element-6aec05c e-flex e-con-boxed e-con e-child\" data-id=\"6aec05c\" data-element_type=\"container\" data-e-type=\"container\">\n\t\t\t\t\t<div class=\"e-con-inner\">\n\t\t<div class=\"elementor-element elementor-element-85a28d0 e-con-full e-flex e-con e-child\" data-id=\"85a28d0\" data-element_type=\"container\" data-e-type=\"container\">\n\t\t<div class=\"elementor-element elementor-element-4f735d4 e-flex e-con-boxed e-con e-child\" data-id=\"4f735d4\" data-element_type=\"container\" data-e-type=\"container\" data-settings=\"{&quot;background_background&quot;:&quot;classic&quot;}\">\n\t\t\t\t\t<div class=\"e-con-inner\">\n\t\t\t\t<div class=\"elementor-element elementor-element-836fac9 elementor-widget elementor-widget-heading\" data-id=\"836fac9\" data-element_type=\"widget\" data-e-type=\"widget\" data-widget_type=\"heading.default\">\n\t\t\t\t<div class=\"elementor-widget-container\">\n\t\t\t\t\t<h2 class=\"elementor-heading-title elementor-size-default\">BIOMASSE<\/h2>\t\t\t\t<\/div>\n\t\t\t\t<\/div>\n\t\t\t\t<div class=\"elementor-element elementor-element-9e6ea6a elementor-icon-list--layout-traditional elementor-list-item-link-full_width elementor-widget elementor-widget-icon-list\" data-id=\"9e6ea6a\" data-element_type=\"widget\" data-e-type=\"widget\" data-widget_type=\"icon-list.default\">\n\t\t\t\t<div class=\"elementor-widget-container\">\n\t\t\t\t\t\t\t<ul class=\"elementor-icon-list-items\">\n\t\t\t\t\t\t\t<li class=\"elementor-icon-list-item\">\n\t\t\t\t\t\t\t\t\t\t\t<a href=\"https:\/\/tharros-energy.com\/de\/viomaza\/aeriopoiisi\/\">\n\n\t\t\t\t\t\t\t\t\t\t\t<span class=\"elementor-icon-list-text\">Vergasungstechnologie<\/span>\n\t\t\t\t\t\t\t\t\t\t\t<\/a>\n\t\t\t\t\t\t\t\t\t<\/li>\n\t\t\t\t\t\t<\/ul>\n\t\t\t\t\t\t<\/div>\n\t\t\t\t<\/div>\n\t\t\t\t<div class=\"elementor-element elementor-element-4442c83 elementor-icon-list--layout-traditional elementor-list-item-link-full_width elementor-widget elementor-widget-icon-list\" data-id=\"4442c83\" data-element_type=\"widget\" data-e-type=\"widget\" data-widget_type=\"icon-list.default\">\n\t\t\t\t<div class=\"elementor-widget-container\">\n\t\t\t\t\t\t\t<ul class=\"elementor-icon-list-items\">\n\t\t\t\t\t\t\t<li class=\"elementor-icon-list-item\">\n\t\t\t\t\t\t\t\t\t\t<span class=\"elementor-icon-list-text\">Biodiesel<\/span>\n\t\t\t\t\t\t\t\t\t<\/li>\n\t\t\t\t\t\t<\/ul>\n\t\t\t\t\t\t<\/div>\n\t\t\t\t<\/div>\n\t\t\t\t<div class=\"elementor-element elementor-element-db64006 elementor-icon-list--layout-traditional elementor-list-item-link-full_width elementor-widget elementor-widget-icon-list\" data-id=\"db64006\" data-element_type=\"widget\" data-e-type=\"widget\" data-widget_type=\"icon-list.default\">\n\t\t\t\t<div class=\"elementor-widget-container\">\n\t\t\t\t\t\t\t<ul class=\"elementor-icon-list-items\">\n\t\t\t\t\t\t\t<li class=\"elementor-icon-list-item\">\n\t\t\t\t\t\t\t\t\t\t\t<a href=\"https:\/\/tharros-energy.com\/de\/viomaza\/anaerovia-chonefsi\/\">\n\n\t\t\t\t\t\t\t\t\t\t\t<span class=\"elementor-icon-list-text\">Anaerobe Verg\u00e4rung<\/span>\n\t\t\t\t\t\t\t\t\t\t\t<\/a>\n\t\t\t\t\t\t\t\t\t<\/li>\n\t\t\t\t\t\t<\/ul>\n\t\t\t\t\t\t<\/div>\n\t\t\t\t<\/div>\n\t\t\t\t\t<\/div>\n\t\t\t\t<\/div>\n\t\t<div class=\"elementor-element elementor-element-571fdc9 e-flex e-con-boxed e-con e-child\" data-id=\"571fdc9\" data-element_type=\"container\" data-e-type=\"container\" data-settings=\"{&quot;background_background&quot;:&quot;classic&quot;}\">\n\t\t\t\t\t<div class=\"e-con-inner\">\n\t\t\t\t<div class=\"elementor-element elementor-element-5230ab3 elementor-widget elementor-widget-text-editor\" data-id=\"5230ab3\" data-element_type=\"widget\" data-e-type=\"widget\" data-widget_type=\"text-editor.default\">\n\t\t\t\t<div class=\"elementor-widget-container\">\n\t\t\t\t\t\t\t\t\t<p>Biomasse und Biobrennstoffe z\u00e4hlen zu den starken Marktteilnehmern mit hohem Wachstumspotenzial<\/p>\t\t\t\t\t\t\t\t<\/div>\n\t\t\t\t<\/div>\n\t\t\t\t\t<\/div>\n\t\t\t\t<\/div>\n\t\t\t\t<\/div>\n\t\t<div class=\"elementor-element elementor-element-c058458 e-con-full e-flex e-con e-child\" data-id=\"c058458\" data-element_type=\"container\" data-e-type=\"container\">\n\t\t\t\t<div class=\"elementor-element elementor-element-93f0c40 elementor-widget elementor-widget-text-editor\" data-id=\"93f0c40\" data-element_type=\"widget\" data-e-type=\"widget\" data-widget_type=\"text-editor.default\">\n\t\t\t\t<div class=\"elementor-widget-container\">\n\t\t\t\t\t\t\t\t\t<p><strong>BIODIESEL<\/strong><\/p><p><img fetchpriority=\"high\" decoding=\"async\" class=\"wp-image-578 size-full alignleft\" style=\"margin-right: 10px;\" src=\"https:\/\/tharros-energy.com\/wp-content\/uploads\/2023\/11\/biodiesel.jpg\" alt=\"\" width=\"250\" height=\"208\" srcset=\"https:\/\/tharros-energy.com\/wp-content\/uploads\/2023\/11\/biodiesel.jpg 250w, https:\/\/tharros-energy.com\/wp-content\/uploads\/2023\/11\/biodiesel-14x12.jpg 14w\" sizes=\"(max-width: 250px) 100vw, 250px\" \/><\/p><p>Biodiesel ist die genutzte Bezeichnung f\u00fcr jede Art von brennbarem Dieselkraftstoff, gewonnen durch \u00d6lraffination und von Fett aus Pflanzen und Tieren. Das am h\u00e4ufigsten benutzte \u00d6l f\u00fcr die Produktion von Biodiesel ist Pflanzen\u00f6l (Maiskeim\u00f6l, Soja\u00f6l oder Sonnenblumen\u00f6l).<\/p><p>Der Biobrennstoff wird in den Verbrennungsmotor Typ Diesel (M.E.K.) eingespritzt, wodurch die Produktion elektrischer Antriebskraft erzielt wird. Die Verbrennung von Biodiesel ist reiner als die von \u00d6l \u2013 es werden weniger Partikel und Schwefelverbindungen produziert. Der Haupteffekt ist die ausgezeichnete Schmierung, welche wie ein L\u00f6sungsmittel zur Reinigung des Motors fungiert. Allerdings ist es bei manchen Motorteilen \u00f6tzender als normales Diesel, was bedeutet, dass der Motor f\u00fcr Biodiesel konzipiert sein muss. Seine Leistungskraft kann sich in allen Bereichen mit der von \u00d6l messen \u2013 vom Antrieb bis zum Verbrauch.<\/p><p>Biodiesel ist ein alternativer Fl\u00fcssigbrennstoff f\u00fcr Verbrennungsmotoren, umweltfreundlich und mit minimalen Emissionen (Schwefeldioxid, Kohlenmonoxid) \u2013 es verringert die Gefahr von Gesundheitssch\u00e4den beim Menschen und bietet dem Verbraucher einen Kraftstoff, der in angemessenem Preis-Leistungs-Verh\u00e4ltnis steht.<\/p>\t\t\t\t\t\t\t\t<\/div>\n\t\t\t\t<\/div>\n\t\t<div class=\"elementor-element elementor-element-89cabdb e-flex e-con-boxed e-con e-child\" data-id=\"89cabdb\" data-element_type=\"container\" data-e-type=\"container\">\n\t\t\t\t\t<div class=\"e-con-inner\">\n\t\t\t\t<div class=\"elementor-element elementor-element-a9fdb76 elementor-widget elementor-widget-heading\" data-id=\"a9fdb76\" data-element_type=\"widget\" data-e-type=\"widget\" data-widget_type=\"heading.default\">\n\t\t\t\t<div class=\"elementor-widget-container\">\n\t\t\t\t\t<h2 class=\"elementor-heading-title elementor-size-default\"><a href=\"#top1\">back to top<\/a><\/h2>\t\t\t\t<\/div>\n\t\t\t\t<\/div>\n\t\t\t\t\t<\/div>\n\t\t\t\t<\/div>\n\t\t\t\t<\/div>\n\t\t\t\t\t<\/div>\n\t\t\t\t<\/div>\n\t\t\t\t\t<\/div>\n\t\t\t\t<\/div>\n\t\t\t\t\t<\/div>\n\t\t\t\t<\/div>\n\t\t\t\t<\/div>","protected":false},"excerpt":{"rendered":"<p>\u0395\u03af\u03c3\u03c4\u03b5 \u03b5\u03b4\u03ce: \u0391\u03c1\u03c7\u03b9\u03ba\u03ae \u00bb \u0392\u03b9\u03bf\u03bc\u03ac\u03b6\u03b1 \u00bb \u0392\u0399\u039f\u039c\u0391\u0396\u0391 \u0391\u03b5\u03c1\u03b9\u03bf\u03c0\u03bf\u03af\u03b7\u03c3\u03b7 Biodiesel \u0391\u03bd\u03b1\u03b5\u03c1\u03cc\u03b2\u03b9\u03b1 \u03a7\u03ce\u03bd\u03b5\u03c5\u03c3\u03b7 \u0397 \u0392\u03b9\u03bf\u03bc\u03ac\u03b6\u03b1 \u03ba\u03b1\u03b9 \u03c4\u03b1 \u0392\u03b9\u03bf\u03ba\u03b1\u03cd\u03c3\u03b9\u03bc\u03b1 \u03b8\u03b5\u03c9\u03c1\u03bf\u03cd\u03bd\u03c4\u03b1\u03b9 \u03bf\u03b9 \u03b9\u03c3\u03c7\u03c5\u03c1\u03bf\u03af \u03c3\u03c5\u03bd\u03c4\u03b5\u03bb\u03b5\u03c3\u03c4\u03ad\u03c2 \u03c4\u03b7\u03c2 \u03b1\u03b3\u03bf\u03c1\u03ac\u03c2 \u03bc\u03b5 \u03c5\u03c8\u03b7\u03bb\u03ad\u03c2 \u03c0\u03c1\u03bf\u03bf\u03c0\u03c4\u03b9\u03ba\u03ad\u03c2 \u03b1\u03bd\u03ac\u03c0\u03c4\u03c5\u03be\u03b7\u03c2 BIODIESEL \u0392\u03b9\u03bf\u03bd\u03c4\u03af\u03b6\u03b5\u03bb \u03b5\u03af\u03bd\u03b1\u03b9 \u03ad\u03bd\u03b1\u03c2 \u03cc\u03c1\u03bf\u03c2 \u03c0\u03bf\u03c5 \u03c7\u03c1\u03b7\u03c3\u03b9\u03bc\u03bf\u03c0\u03bf\u03b9\u03b5\u03af\u03c4\u03b1\u03b9 \u03b3\u03b9\u03b1 \u03ba\u03ac\u03b8\u03b5 \u03ba\u03b1\u03cd\u03c3\u03b9\u03bc\u03bf \u03bd\u03c4\u03af\u03b6\u03b5\u03bb \u03c0\u03bf\u03c5 \u03ad\u03c7\u03b5\u03b9 \u03c0\u03b1\u03c1\u03b1\u03c7\u03b8\u03b5\u03af \u03b1\u03c0\u03cc \u03b4\u03b9\u03cd\u03bb\u03b9\u03c3\u03b7 \u03c0\u03b5\u03c4\u03c1\u03b5\u03bb\u03b1\u03af\u03bf\u03c5, \u03bb\u03af\u03c0\u03bf\u03c5\u03c2 \u03c0\u03bf\u03c5 \u03c3\u03c5\u03bb\u03bb\u03ad\u03b3\u03bf\u03bd\u03c4\u03b1\u03b9 \u03b1\u03c0\u03cc \u03c4\u03b1 \u03c6\u03c5\u03c4\u03ac \u03ba\u03b1\u03b9 \u03c4\u03b1 \u03b6\u03ce\u03b1. \u03a4\u03bf \u03c0\u03b9\u03bf \u03ba\u03bf\u03b9\u03bd\u03cc [&hellip;]<\/p>\n","protected":false},"author":1,"featured_media":0,"parent":17,"menu_order":0,"comment_status":"closed","ping_status":"closed","template":"","meta":{"footnotes":""},"class_list":["post-576","page","type-page","status-publish","hentry"],"yoast_head":"<!-- This site is optimized with the Yoast SEO Premium plugin v25.6 (Yoast SEO v27.3) - https:\/\/yoast.com\/product\/yoast-seo-premium-wordpress\/ -->\n<title>Biodiesel - THARROS \u0395\u039d\u0395\u03a1\u0393\u0395\u0399\u0391\u039a\u0397<\/title>\n<meta name=\"robots\" content=\"index, follow, max-snippet:-1, max-image-preview:large, max-video-preview:-1\" \/>\n<link rel=\"canonical\" href=\"https:\/\/tharros-energy.com\/de\/viomaza\/biodiesel\/\" \/>\n<meta property=\"og:locale\" content=\"de_DE\" \/>\n<meta property=\"og:type\" content=\"article\" \/>\n<meta property=\"og:title\" content=\"Biodiesel\" \/>\n<meta property=\"og:description\" content=\"\u0395\u03af\u03c3\u03c4\u03b5 \u03b5\u03b4\u03ce: \u0391\u03c1\u03c7\u03b9\u03ba\u03ae \u00bb \u0392\u03b9\u03bf\u03bc\u03ac\u03b6\u03b1 \u00bb \u0392\u0399\u039f\u039c\u0391\u0396\u0391 \u0391\u03b5\u03c1\u03b9\u03bf\u03c0\u03bf\u03af\u03b7\u03c3\u03b7 Biodiesel \u0391\u03bd\u03b1\u03b5\u03c1\u03cc\u03b2\u03b9\u03b1 \u03a7\u03ce\u03bd\u03b5\u03c5\u03c3\u03b7 \u0397 \u0392\u03b9\u03bf\u03bc\u03ac\u03b6\u03b1 \u03ba\u03b1\u03b9 \u03c4\u03b1 \u0392\u03b9\u03bf\u03ba\u03b1\u03cd\u03c3\u03b9\u03bc\u03b1 \u03b8\u03b5\u03c9\u03c1\u03bf\u03cd\u03bd\u03c4\u03b1\u03b9 \u03bf\u03b9 \u03b9\u03c3\u03c7\u03c5\u03c1\u03bf\u03af \u03c3\u03c5\u03bd\u03c4\u03b5\u03bb\u03b5\u03c3\u03c4\u03ad\u03c2 \u03c4\u03b7\u03c2 \u03b1\u03b3\u03bf\u03c1\u03ac\u03c2 \u03bc\u03b5 \u03c5\u03c8\u03b7\u03bb\u03ad\u03c2 \u03c0\u03c1\u03bf\u03bf\u03c0\u03c4\u03b9\u03ba\u03ad\u03c2 \u03b1\u03bd\u03ac\u03c0\u03c4\u03c5\u03be\u03b7\u03c2 BIODIESEL \u0392\u03b9\u03bf\u03bd\u03c4\u03af\u03b6\u03b5\u03bb \u03b5\u03af\u03bd\u03b1\u03b9 \u03ad\u03bd\u03b1\u03c2 \u03cc\u03c1\u03bf\u03c2 \u03c0\u03bf\u03c5 \u03c7\u03c1\u03b7\u03c3\u03b9\u03bc\u03bf\u03c0\u03bf\u03b9\u03b5\u03af\u03c4\u03b1\u03b9 \u03b3\u03b9\u03b1 \u03ba\u03ac\u03b8\u03b5 \u03ba\u03b1\u03cd\u03c3\u03b9\u03bc\u03bf \u03bd\u03c4\u03af\u03b6\u03b5\u03bb \u03c0\u03bf\u03c5 \u03ad\u03c7\u03b5\u03b9 \u03c0\u03b1\u03c1\u03b1\u03c7\u03b8\u03b5\u03af \u03b1\u03c0\u03cc \u03b4\u03b9\u03cd\u03bb\u03b9\u03c3\u03b7 \u03c0\u03b5\u03c4\u03c1\u03b5\u03bb\u03b1\u03af\u03bf\u03c5, \u03bb\u03af\u03c0\u03bf\u03c5\u03c2 \u03c0\u03bf\u03c5 \u03c3\u03c5\u03bb\u03bb\u03ad\u03b3\u03bf\u03bd\u03c4\u03b1\u03b9 \u03b1\u03c0\u03cc \u03c4\u03b1 \u03c6\u03c5\u03c4\u03ac \u03ba\u03b1\u03b9 \u03c4\u03b1 \u03b6\u03ce\u03b1. \u03a4\u03bf \u03c0\u03b9\u03bf \u03ba\u03bf\u03b9\u03bd\u03cc [&hellip;]\" \/>\n<meta property=\"og:url\" content=\"https:\/\/tharros-energy.com\/de\/viomaza\/biodiesel\/\" \/>\n<meta property=\"og:site_name\" content=\"THARROS \u0395\u039d\u0395\u03a1\u0393\u0395\u0399\u0391\u039a\u0397\" \/>\n<meta property=\"article:modified_time\" content=\"2023-11-10T12:16:38+00:00\" \/>\n<meta property=\"og:image\" content=\"https:\/\/tharros-energy.com\/wp-content\/uploads\/2023\/11\/biodiesel.jpg\" \/>\n<meta name=\"twitter:card\" content=\"summary_large_image\" \/>\n<meta name=\"twitter:label1\" content=\"Gesch\u00e4tzte Lesezeit\" \/>\n\t<meta name=\"twitter:data1\" content=\"2\u00a0Minuten\" \/>\n<script type=\"application\/ld+json\" class=\"yoast-schema-graph\">{\"@context\":\"https:\\\/\\\/schema.org\",\"@graph\":[{\"@type\":\"WebPage\",\"@id\":\"https:\\\/\\\/tharros-energy.com\\\/viomaza\\\/biodiesel\\\/\",\"url\":\"https:\\\/\\\/tharros-energy.com\\\/viomaza\\\/biodiesel\\\/\",\"name\":\"Biodiesel - THARROS \u0395\u039d\u0395\u03a1\u0393\u0395\u0399\u0391\u039a\u0397\",\"isPartOf\":{\"@id\":\"https:\\\/\\\/tharros-energy.com\\\/#website\"},\"primaryImageOfPage\":{\"@id\":\"https:\\\/\\\/tharros-energy.com\\\/viomaza\\\/biodiesel\\\/#primaryimage\"},\"image\":{\"@id\":\"https:\\\/\\\/tharros-energy.com\\\/viomaza\\\/biodiesel\\\/#primaryimage\"},\"thumbnailUrl\":\"https:\\\/\\\/tharros-energy.com\\\/wp-content\\\/uploads\\\/2023\\\/11\\\/biodiesel.jpg\",\"datePublished\":\"2023-11-08T11:29:18+00:00\",\"dateModified\":\"2023-11-10T12:16:38+00:00\",\"breadcrumb\":{\"@id\":\"https:\\\/\\\/tharros-energy.com\\\/viomaza\\\/biodiesel\\\/#breadcrumb\"},\"inLanguage\":\"de\",\"potentialAction\":[{\"@type\":\"ReadAction\",\"target\":[\"https:\\\/\\\/tharros-energy.com\\\/viomaza\\\/biodiesel\\\/\"]}]},{\"@type\":\"ImageObject\",\"inLanguage\":\"de\",\"@id\":\"https:\\\/\\\/tharros-energy.com\\\/viomaza\\\/biodiesel\\\/#primaryimage\",\"url\":\"https:\\\/\\\/tharros-energy.com\\\/wp-content\\\/uploads\\\/2023\\\/11\\\/biodiesel.jpg\",\"contentUrl\":\"https:\\\/\\\/tharros-energy.com\\\/wp-content\\\/uploads\\\/2023\\\/11\\\/biodiesel.jpg\"},{\"@type\":\"BreadcrumbList\",\"@id\":\"https:\\\/\\\/tharros-energy.com\\\/viomaza\\\/biodiesel\\\/#breadcrumb\",\"itemListElement\":[{\"@type\":\"ListItem\",\"position\":1,\"name\":\"\u0391\u03c1\u03c7\u03b9\u03ba\u03ae\",\"item\":\"https:\\\/\\\/tharros-energy.com\\\/\"},{\"@type\":\"ListItem\",\"position\":2,\"name\":\"\u0392\u03b9\u03bf\u03bc\u03ac\u03b6\u03b1\",\"item\":\"https:\\\/\\\/tharros-energy.com\\\/viomaza\\\/\"},{\"@type\":\"ListItem\",\"position\":3,\"name\":\"Biodiesel\"}]},{\"@type\":\"WebSite\",\"@id\":\"https:\\\/\\\/tharros-energy.com\\\/#website\",\"url\":\"https:\\\/\\\/tharros-energy.com\\\/\",\"name\":\"THARROS \u0395\u039d\u0395\u03a1\u0393\u0395\u0399\u0391\u039a\u0397\",\"description\":\"\u0395\u03c0\u03b5\u03bd\u03b4\u03c5\u03c4\u03b9\u03ba\u03ac \u0388\u03c1\u03b3\u03b1 | \u0392\u03b9\u03bf\u03bc\u03ac\u03b6\u03b1 | \u0392\u03b9\u03bf\u03b1\u03ad\u03c1\u03b9\u03bf | Biodiesel | \u0391\u03bd\u03b1\u03bd\u03b5\u03ce\u03c3\u03b9\u03bc\u03b5\u03c2 \u03a0\u03b7\u03b3\u03ad\u03c2 \u0395\u03bd\u03ad\u03c1\u03b3\u03b5\u03b9\u03b1\u03c2 | \u03a4\u03b5\u03c7\u03bd\u03bf\u03bb\u03bf\u03b3\u03af\u03b1 \u0391\u03b5\u03c1\u03b9\u03bf\u03c0\u03bf\u03af\u03b7\u03c3\u03b7\u03c2 | \u0395\u03bd\u03b5\u03c1\u03b3\u03b5\u03b9\u03b1\u03ba\u03ac \u0388\u03c1\u03b3\u03b1 | \u03a4\u03b5\u03c7\u03bd\u03bf\u03bb\u03bf\u03b3\u03af\u03b1 \u0391\u03bd\u03b1\u03b5\u03c1\u03cc\u03b2\u03b9\u03b1\u03c2 \u03a7\u03ce\u03bd\u03b5\u03c5\u03c3\u03b7\u03c2 | \u03a6\u03c9\u03c4\u03bf\u03b2\u03bf\u03bb\u03c4\u03b1\u03ca\u03ba\u03ac | \u039b\u03ac\u03c1\u03b9\u03c3\u03b1 | \u0392\u03cc\u03bb\u03bf\u03c2 | \u03a4\u03c1\u03af\u03ba\u03b1\u03bb\u03b1 | \u039a\u03b1\u03c1\u03b4\u03af\u03c4\u03c3\u03b1\",\"publisher\":{\"@id\":\"https:\\\/\\\/tharros-energy.com\\\/#organization\"},\"potentialAction\":[{\"@type\":\"SearchAction\",\"target\":{\"@type\":\"EntryPoint\",\"urlTemplate\":\"https:\\\/\\\/tharros-energy.com\\\/?s={search_term_string}\"},\"query-input\":{\"@type\":\"PropertyValueSpecification\",\"valueRequired\":true,\"valueName\":\"search_term_string\"}}],\"inLanguage\":\"de\"},{\"@type\":\"Organization\",\"@id\":\"https:\\\/\\\/tharros-energy.com\\\/#organization\",\"name\":\"THARROS \u0395\u039d\u0395\u03a1\u0393\u0395\u0399\u0391\u039a\u0397\",\"url\":\"https:\\\/\\\/tharros-energy.com\\\/\",\"logo\":{\"@type\":\"ImageObject\",\"inLanguage\":\"de\",\"@id\":\"https:\\\/\\\/tharros-energy.com\\\/#\\\/schema\\\/logo\\\/image\\\/\",\"url\":\"https:\\\/\\\/tharros-energy.com\\\/wp-content\\\/uploads\\\/2023\\\/11\\\/logo-tharros-energy.jpg\",\"contentUrl\":\"https:\\\/\\\/tharros-energy.com\\\/wp-content\\\/uploads\\\/2023\\\/11\\\/logo-tharros-energy.jpg\",\"width\":240,\"height\":93,\"caption\":\"THARROS \u0395\u039d\u0395\u03a1\u0393\u0395\u0399\u0391\u039a\u0397\"},\"image\":{\"@id\":\"https:\\\/\\\/tharros-energy.com\\\/#\\\/schema\\\/logo\\\/image\\\/\"}}]}<\/script>\n<!-- \/ Yoast SEO Premium plugin. -->","yoast_head_json":{"title":"Biodiesel - THARROS \u0395\u039d\u0395\u03a1\u0393\u0395\u0399\u0391\u039a\u0397","robots":{"index":"index","follow":"follow","max-snippet":"max-snippet:-1","max-image-preview":"max-image-preview:large","max-video-preview":"max-video-preview:-1"},"canonical":"https:\/\/tharros-energy.com\/de\/viomaza\/biodiesel\/","og_locale":"de_DE","og_type":"article","og_title":"Biodiesel","og_description":"\u0395\u03af\u03c3\u03c4\u03b5 \u03b5\u03b4\u03ce: \u0391\u03c1\u03c7\u03b9\u03ba\u03ae \u00bb \u0392\u03b9\u03bf\u03bc\u03ac\u03b6\u03b1 \u00bb \u0392\u0399\u039f\u039c\u0391\u0396\u0391 \u0391\u03b5\u03c1\u03b9\u03bf\u03c0\u03bf\u03af\u03b7\u03c3\u03b7 Biodiesel \u0391\u03bd\u03b1\u03b5\u03c1\u03cc\u03b2\u03b9\u03b1 \u03a7\u03ce\u03bd\u03b5\u03c5\u03c3\u03b7 \u0397 \u0392\u03b9\u03bf\u03bc\u03ac\u03b6\u03b1 \u03ba\u03b1\u03b9 \u03c4\u03b1 \u0392\u03b9\u03bf\u03ba\u03b1\u03cd\u03c3\u03b9\u03bc\u03b1 \u03b8\u03b5\u03c9\u03c1\u03bf\u03cd\u03bd\u03c4\u03b1\u03b9 \u03bf\u03b9 \u03b9\u03c3\u03c7\u03c5\u03c1\u03bf\u03af \u03c3\u03c5\u03bd\u03c4\u03b5\u03bb\u03b5\u03c3\u03c4\u03ad\u03c2 \u03c4\u03b7\u03c2 \u03b1\u03b3\u03bf\u03c1\u03ac\u03c2 \u03bc\u03b5 \u03c5\u03c8\u03b7\u03bb\u03ad\u03c2 \u03c0\u03c1\u03bf\u03bf\u03c0\u03c4\u03b9\u03ba\u03ad\u03c2 \u03b1\u03bd\u03ac\u03c0\u03c4\u03c5\u03be\u03b7\u03c2 BIODIESEL \u0392\u03b9\u03bf\u03bd\u03c4\u03af\u03b6\u03b5\u03bb \u03b5\u03af\u03bd\u03b1\u03b9 \u03ad\u03bd\u03b1\u03c2 \u03cc\u03c1\u03bf\u03c2 \u03c0\u03bf\u03c5 \u03c7\u03c1\u03b7\u03c3\u03b9\u03bc\u03bf\u03c0\u03bf\u03b9\u03b5\u03af\u03c4\u03b1\u03b9 \u03b3\u03b9\u03b1 \u03ba\u03ac\u03b8\u03b5 \u03ba\u03b1\u03cd\u03c3\u03b9\u03bc\u03bf \u03bd\u03c4\u03af\u03b6\u03b5\u03bb \u03c0\u03bf\u03c5 \u03ad\u03c7\u03b5\u03b9 \u03c0\u03b1\u03c1\u03b1\u03c7\u03b8\u03b5\u03af \u03b1\u03c0\u03cc \u03b4\u03b9\u03cd\u03bb\u03b9\u03c3\u03b7 \u03c0\u03b5\u03c4\u03c1\u03b5\u03bb\u03b1\u03af\u03bf\u03c5, \u03bb\u03af\u03c0\u03bf\u03c5\u03c2 \u03c0\u03bf\u03c5 \u03c3\u03c5\u03bb\u03bb\u03ad\u03b3\u03bf\u03bd\u03c4\u03b1\u03b9 \u03b1\u03c0\u03cc \u03c4\u03b1 \u03c6\u03c5\u03c4\u03ac \u03ba\u03b1\u03b9 \u03c4\u03b1 \u03b6\u03ce\u03b1. \u03a4\u03bf \u03c0\u03b9\u03bf \u03ba\u03bf\u03b9\u03bd\u03cc [&hellip;]","og_url":"https:\/\/tharros-energy.com\/de\/viomaza\/biodiesel\/","og_site_name":"THARROS \u0395\u039d\u0395\u03a1\u0393\u0395\u0399\u0391\u039a\u0397","article_modified_time":"2023-11-10T12:16:38+00:00","og_image":[{"url":"https:\/\/tharros-energy.com\/wp-content\/uploads\/2023\/11\/biodiesel.jpg","type":"","width":"","height":""}],"twitter_card":"summary_large_image","twitter_misc":{"Gesch\u00e4tzte Lesezeit":"2\u00a0Minuten"},"schema":{"@context":"https:\/\/schema.org","@graph":[{"@type":"WebPage","@id":"https:\/\/tharros-energy.com\/viomaza\/biodiesel\/","url":"https:\/\/tharros-energy.com\/viomaza\/biodiesel\/","name":"Biodiesel - THARROS \u0395\u039d\u0395\u03a1\u0393\u0395\u0399\u0391\u039a\u0397","isPartOf":{"@id":"https:\/\/tharros-energy.com\/#website"},"primaryImageOfPage":{"@id":"https:\/\/tharros-energy.com\/viomaza\/biodiesel\/#primaryimage"},"image":{"@id":"https:\/\/tharros-energy.com\/viomaza\/biodiesel\/#primaryimage"},"thumbnailUrl":"https:\/\/tharros-energy.com\/wp-content\/uploads\/2023\/11\/biodiesel.jpg","datePublished":"2023-11-08T11:29:18+00:00","dateModified":"2023-11-10T12:16:38+00:00","breadcrumb":{"@id":"https:\/\/tharros-energy.com\/viomaza\/biodiesel\/#breadcrumb"},"inLanguage":"de","potentialAction":[{"@type":"ReadAction","target":["https:\/\/tharros-energy.com\/viomaza\/biodiesel\/"]}]},{"@type":"ImageObject","inLanguage":"de","@id":"https:\/\/tharros-energy.com\/viomaza\/biodiesel\/#primaryimage","url":"https:\/\/tharros-energy.com\/wp-content\/uploads\/2023\/11\/biodiesel.jpg","contentUrl":"https:\/\/tharros-energy.com\/wp-content\/uploads\/2023\/11\/biodiesel.jpg"},{"@type":"BreadcrumbList","@id":"https:\/\/tharros-energy.com\/viomaza\/biodiesel\/#breadcrumb","itemListElement":[{"@type":"ListItem","position":1,"name":"\u0391\u03c1\u03c7\u03b9\u03ba\u03ae","item":"https:\/\/tharros-energy.com\/"},{"@type":"ListItem","position":2,"name":"\u0392\u03b9\u03bf\u03bc\u03ac\u03b6\u03b1","item":"https:\/\/tharros-energy.com\/viomaza\/"},{"@type":"ListItem","position":3,"name":"Biodiesel"}]},{"@type":"WebSite","@id":"https:\/\/tharros-energy.com\/#website","url":"https:\/\/tharros-energy.com\/","name":"THARROS ENERGY","description":"\u0395\u03c0\u03b5\u03bd\u03b4\u03c5\u03c4\u03b9\u03ba\u03ac \u0388\u03c1\u03b3\u03b1 | \u0392\u03b9\u03bf\u03bc\u03ac\u03b6\u03b1 | \u0392\u03b9\u03bf\u03b1\u03ad\u03c1\u03b9\u03bf | Biodiesel | \u0391\u03bd\u03b1\u03bd\u03b5\u03ce\u03c3\u03b9\u03bc\u03b5\u03c2 \u03a0\u03b7\u03b3\u03ad\u03c2 \u0395\u03bd\u03ad\u03c1\u03b3\u03b5\u03b9\u03b1\u03c2 | \u03a4\u03b5\u03c7\u03bd\u03bf\u03bb\u03bf\u03b3\u03af\u03b1 \u0391\u03b5\u03c1\u03b9\u03bf\u03c0\u03bf\u03af\u03b7\u03c3\u03b7\u03c2 | \u0395\u03bd\u03b5\u03c1\u03b3\u03b5\u03b9\u03b1\u03ba\u03ac \u0388\u03c1\u03b3\u03b1 | \u03a4\u03b5\u03c7\u03bd\u03bf\u03bb\u03bf\u03b3\u03af\u03b1 \u0391\u03bd\u03b1\u03b5\u03c1\u03cc\u03b2\u03b9\u03b1\u03c2 \u03a7\u03ce\u03bd\u03b5\u03c5\u03c3\u03b7\u03c2 | \u03a6\u03c9\u03c4\u03bf\u03b2\u03bf\u03bb\u03c4\u03b1\u03ca\u03ba\u03ac | \u039b\u03ac\u03c1\u03b9\u03c3\u03b1 | \u0392\u03cc\u03bb\u03bf\u03c2 | \u03a4\u03c1\u03af\u03ba\u03b1\u03bb\u03b1 | \u039a\u03b1\u03c1\u03b4\u03af\u03c4\u03c3\u03b1","publisher":{"@id":"https:\/\/tharros-energy.com\/#organization"},"potentialAction":[{"@type":"SearchAction","target":{"@type":"EntryPoint","urlTemplate":"https:\/\/tharros-energy.com\/?s={search_term_string}"},"query-input":{"@type":"PropertyValueSpecification","valueRequired":true,"valueName":"search_term_string"}}],"inLanguage":"de"},{"@type":"Organization","@id":"https:\/\/tharros-energy.com\/#organization","name":"THARROS ENERGY","url":"https:\/\/tharros-energy.com\/","logo":{"@type":"ImageObject","inLanguage":"de","@id":"https:\/\/tharros-energy.com\/#\/schema\/logo\/image\/","url":"https:\/\/tharros-energy.com\/wp-content\/uploads\/2023\/11\/logo-tharros-energy.jpg","contentUrl":"https:\/\/tharros-energy.com\/wp-content\/uploads\/2023\/11\/logo-tharros-energy.jpg","width":240,"height":93,"caption":"THARROS \u0395\u039d\u0395\u03a1\u0393\u0395\u0399\u0391\u039a\u0397"},"image":{"@id":"https:\/\/tharros-energy.com\/#\/schema\/logo\/image\/"}}]}},"_links":{"self":[{"href":"https:\/\/tharros-energy.com\/de\/wp-json\/wp\/v2\/pages\/576","targetHints":{"allow":["GET"]}}],"collection":[{"href":"https:\/\/tharros-energy.com\/de\/wp-json\/wp\/v2\/pages"}],"about":[{"href":"https:\/\/tharros-energy.com\/de\/wp-json\/wp\/v2\/types\/page"}],"author":[{"embeddable":true,"href":"https:\/\/tharros-energy.com\/de\/wp-json\/wp\/v2\/users\/1"}],"replies":[{"embeddable":true,"href":"https:\/\/tharros-energy.com\/de\/wp-json\/wp\/v2\/comments?post=576"}],"version-history":[{"count":13,"href":"https:\/\/tharros-energy.com\/de\/wp-json\/wp\/v2\/pages\/576\/revisions"}],"predecessor-version":[{"id":990,"href":"https:\/\/tharros-energy.com\/de\/wp-json\/wp\/v2\/pages\/576\/revisions\/990"}],"up":[{"embeddable":true,"href":"https:\/\/tharros-energy.com\/de\/wp-json\/wp\/v2\/pages\/17"}],"wp:attachment":[{"href":"https:\/\/tharros-energy.com\/de\/wp-json\/wp\/v2\/media?parent=576"}],"curies":[{"name":"wp","href":"https:\/\/api.w.org\/{rel}","templated":true}]}}