{"id":359,"date":"2023-11-08T10:03:30","date_gmt":"2023-11-08T08:03:30","guid":{"rendered":"https:\/\/tharros-energy.com\/?page_id=359"},"modified":"2023-11-09T16:35:23","modified_gmt":"2023-11-09T14:35:23","slug":"profil","status":"publish","type":"page","link":"https:\/\/tharros-energy.com\/de\/i-epicheirisi\/profil\/","title":{"rendered":"Profil"},"content":{"rendered":"<div data-elementor-type=\"wp-page\" data-elementor-id=\"359\" class=\"elementor elementor-359\" data-elementor-post-type=\"page\">\n\t\t\t\t<div class=\"elementor-element elementor-element-760132d e-flex e-con-boxed e-con e-parent\" data-id=\"760132d\" data-element_type=\"container\" data-e-type=\"container\">\n\t\t\t\t\t<div class=\"e-con-inner\">\n\t\t<div class=\"elementor-element elementor-element-2f78f76 e-flex e-con-boxed e-con e-child\" data-id=\"2f78f76\" data-element_type=\"container\" data-e-type=\"container\" data-settings=\"{&quot;background_background&quot;:&quot;classic&quot;}\">\n\t\t\t\t\t<div class=\"e-con-inner\">\n\t\t\t\t\t<\/div>\n\t\t\t\t<\/div>\n\t\t\t\t\t<\/div>\n\t\t\t\t<\/div>\n\t\t<div class=\"elementor-element elementor-element-5de89d1 e-flex e-con-boxed e-con e-parent\" data-id=\"5de89d1\" data-element_type=\"container\" data-e-type=\"container\">\n\t\t\t\t\t<div class=\"e-con-inner\">\n\t\t<div class=\"elementor-element elementor-element-b995f15 e-flex e-con-boxed e-con e-child\" data-id=\"b995f15\" data-element_type=\"container\" data-e-type=\"container\" data-settings=\"{&quot;background_background&quot;:&quot;classic&quot;}\">\n\t\t\t\t\t<div class=\"e-con-inner\">\n\t\t<div class=\"elementor-element elementor-element-49e0c35 e-flex e-con-boxed e-con e-child\" data-id=\"49e0c35\" data-element_type=\"container\" data-e-type=\"container\">\n\t\t\t\t\t<div class=\"e-con-inner\">\n\t\t\t\t<div class=\"elementor-element elementor-element-6488192 elementor-widget elementor-widget-heading\" data-id=\"6488192\" data-element_type=\"widget\" data-e-type=\"widget\" data-widget_type=\"heading.default\">\n\t\t\t\t<div class=\"elementor-widget-container\">\n\t\t\t\t\t<h2 class=\"elementor-heading-title elementor-size-default\">Sie Sind Hier:<\/h2>\t\t\t\t<\/div>\n\t\t\t\t<\/div>\n\t\t\t\t<div class=\"elementor-element elementor-element-2338b61 elementor-widget elementor-widget-heading\" data-id=\"2338b61\" data-element_type=\"widget\" data-e-type=\"widget\" data-widget_type=\"heading.default\">\n\t\t\t\t<div class=\"elementor-widget-container\">\n\t\t\t\t\t<h2 class=\"elementor-heading-title elementor-size-default\"><a href=\"https:\/\/tharros-energy.com\/de\">Startseite \u00bb<\/a><\/h2>\t\t\t\t<\/div>\n\t\t\t\t<\/div>\n\t\t\t\t<div class=\"elementor-element elementor-element-0ae1ca9 elementor-widget elementor-widget-heading\" data-id=\"0ae1ca9\" data-element_type=\"widget\" data-e-type=\"widget\" data-widget_type=\"heading.default\">\n\t\t\t\t<div class=\"elementor-widget-container\">\n\t\t\t\t\t<h2 class=\"elementor-heading-title elementor-size-default\"><a href=\"https:\/\/tharros-energy.com\/index.php\/i-epicheirisi\/\">Das Unternehmen \u00bb<\/a><\/h2>\t\t\t\t<\/div>\n\t\t\t\t<\/div>\n\t\t\t\t<div class=\"elementor-element elementor-element-fef16ce elementor-widget elementor-widget-heading\" data-id=\"fef16ce\" data-element_type=\"widget\" data-e-type=\"widget\" data-widget_type=\"heading.default\">\n\t\t\t\t<div class=\"elementor-widget-container\">\n\t\t\t\t\t<h2 class=\"elementor-heading-title elementor-size-default\">Profil<\/h2>\t\t\t\t<\/div>\n\t\t\t\t<\/div>\n\t\t\t\t\t<\/div>\n\t\t\t\t<\/div>\n\t\t<div class=\"elementor-element elementor-element-eb99378 e-flex e-con-boxed e-con e-child\" data-id=\"eb99378\" data-element_type=\"container\" data-e-type=\"container\">\n\t\t\t\t\t<div class=\"e-con-inner\">\n\t\t<div class=\"elementor-element elementor-element-8cd894d e-con-full e-flex e-con e-child\" data-id=\"8cd894d\" data-element_type=\"container\" data-e-type=\"container\">\n\t\t<div class=\"elementor-element elementor-element-949433e e-flex e-con-boxed e-con e-child\" data-id=\"949433e\" data-element_type=\"container\" data-e-type=\"container\" data-settings=\"{&quot;background_background&quot;:&quot;classic&quot;}\">\n\t\t\t\t\t<div class=\"e-con-inner\">\n\t\t\t\t<div class=\"elementor-element elementor-element-76ac98d elementor-widget elementor-widget-heading\" data-id=\"76ac98d\" data-element_type=\"widget\" data-e-type=\"widget\" data-widget_type=\"heading.default\">\n\t\t\t\t<div class=\"elementor-widget-container\">\n\t\t\t\t\t<h2 class=\"elementor-heading-title elementor-size-default\">DAS UNTERNEHMEN<\/h2>\t\t\t\t<\/div>\n\t\t\t\t<\/div>\n\t\t\t\t<div class=\"elementor-element elementor-element-6b76171 elementor-icon-list--layout-traditional elementor-list-item-link-full_width elementor-widget elementor-widget-icon-list\" data-id=\"6b76171\" data-element_type=\"widget\" data-e-type=\"widget\" data-widget_type=\"icon-list.default\">\n\t\t\t\t<div class=\"elementor-widget-container\">\n\t\t\t\t\t\t\t<ul class=\"elementor-icon-list-items\">\n\t\t\t\t\t\t\t<li class=\"elementor-icon-list-item\">\n\t\t\t\t\t\t\t\t\t\t<span class=\"elementor-icon-list-text\">Profil<\/span>\n\t\t\t\t\t\t\t\t\t<\/li>\n\t\t\t\t\t\t<\/ul>\n\t\t\t\t\t\t<\/div>\n\t\t\t\t<\/div>\n\t\t\t\t<div class=\"elementor-element elementor-element-acc0be8 elementor-icon-list--layout-traditional elementor-list-item-link-full_width elementor-widget elementor-widget-icon-list\" data-id=\"acc0be8\" data-element_type=\"widget\" data-e-type=\"widget\" data-widget_type=\"icon-list.default\">\n\t\t\t\t<div class=\"elementor-widget-container\">\n\t\t\t\t\t\t\t<ul class=\"elementor-icon-list-items\">\n\t\t\t\t\t\t\t<li class=\"elementor-icon-list-item\">\n\t\t\t\t\t\t\t\t\t\t\t<a href=\"https:\/\/tharros-energy.com\/de\/i-epicheirisi\/istoriko\/\">\n\n\t\t\t\t\t\t\t\t\t\t\t<span class=\"elementor-icon-list-text\">Geschichte<\/span>\n\t\t\t\t\t\t\t\t\t\t\t<\/a>\n\t\t\t\t\t\t\t\t\t<\/li>\n\t\t\t\t\t\t\t\t<li class=\"elementor-icon-list-item\">\n\t\t\t\t\t\t\t\t\t\t\t<a href=\"https:\/\/tharros-energy.com\/de\/i-epicheirisi\/giati-na-ependysete-se-emas\/\">\n\n\t\t\t\t\t\t\t\t\t\t\t<span class=\"elementor-icon-list-text\">Warum Sie in uns investieren sollten<\/span>\n\t\t\t\t\t\t\t\t\t\t\t<\/a>\n\t\t\t\t\t\t\t\t\t<\/li>\n\t\t\t\t\t\t<\/ul>\n\t\t\t\t\t\t<\/div>\n\t\t\t\t<\/div>\n\t\t\t\t\t<\/div>\n\t\t\t\t<\/div>\n\t\t<div class=\"elementor-element elementor-element-8d3a332 e-flex e-con-boxed e-con e-child\" data-id=\"8d3a332\" data-element_type=\"container\" data-e-type=\"container\" data-settings=\"{&quot;background_background&quot;:&quot;classic&quot;}\">\n\t\t\t\t\t<div class=\"e-con-inner\">\n\t\t\t\t<div class=\"elementor-element elementor-element-106923e elementor-widget elementor-widget-text-editor\" data-id=\"106923e\" data-element_type=\"widget\" data-e-type=\"widget\" data-widget_type=\"text-editor.default\">\n\t\t\t\t<div class=\"elementor-widget-container\">\n\t\t\t\t\t\t\t\t\t<p>Unser Unternehmen vereint langj\u00e4hriges technisches Wissen und Erfahrung mit Anlagen zur Produktion erneuerbarer Energie, den technischen Aspekt der regenerativen Energieanlagen mit der wirtschaftlichen Komponente.<\/p>\t\t\t\t\t\t\t\t<\/div>\n\t\t\t\t<\/div>\n\t\t\t\t\t<\/div>\n\t\t\t\t<\/div>\n\t\t\t\t<\/div>\n\t\t<div class=\"elementor-element elementor-element-f5ef64d e-con-full e-flex e-con e-child\" data-id=\"f5ef64d\" data-element_type=\"container\" data-e-type=\"container\">\n\t\t\t\t<div class=\"elementor-element elementor-element-cef8603 elementor-widget elementor-widget-text-editor\" data-id=\"cef8603\" data-element_type=\"widget\" data-e-type=\"widget\" data-widget_type=\"text-editor.default\">\n\t\t\t\t<div class=\"elementor-widget-container\">\n\t\t\t\t\t\t\t\t\t<p><strong>PROFIL<\/strong><\/p><p>F\u00fcr ein langfristig gewinnbringendes Investitionsergebnis durch RES ist die langj\u00e4hrige Erfahrung der Verantwortlichen in der Planung und Umsetzung solcher Projekte und Investitionen ausschlaggebend.<\/p><p class=\"translation-block\"><strong>THARROS ENERGY<\/strong> \u2013 ein Unternehmen der THARROS GRUPPE \u2013 agiert seit 2007 in der Bereitstellung integrierter Dienstleistungen und in der Planung und Umsetzung von Energieprojekten und Investitionen in Erneuerbaren Energien (RES), insbesondere von Photovoltaik- und Biomasseprojekten.<\/p><p class=\"translation-block\">Bis vor Kurzem, w\u00e4hrend der Photovoltaik-Markt sich rapid und stark entwickelte, engagierte sich THARROS ENERGY in der Gr\u00fcndung solcher Anlagen zur Energieproduktion und schaffte es, in den schwierigen Zeiten der Wirtschaftskrise, sich unter den besten Unternehmen in dieser Branche zu etablieren. Es wurden \u00fcber 100 Projekte in ganz Griechenland realisiert und hohe Gewinne f\u00fcr die Anleger durch die Investitionen in unser Unternehmen erzielt. Des Weiteren engagiert sich das Unternehmen auch f\u00fcr Projekte mit Biomasse und Biogas.<\/p><p>Gegr\u00fcndet durch die Gesch\u00e4ftsausweitung ihrer Gr\u00fcnder, der zweiten Generation des Unternehmens THARROS AG GEBR. TZIOUMAKIS, hat das Unternehmen eine vierzigj\u00e4hrige und etablierte Pr\u00e4senz sowohl auf dem griechischen, als auch auf dem globalen Markt.<\/p><p>Das Unternehmen bietet Komplettl\u00f6sungen an (turn key solutions) - den Erwartungen Ihrer Kunden angepasst. Planung, Konstruktion, das notwendige Genehmigungsverfahren, das Finanzierungsverfahren, Management, Installation, technische und operative Unterst\u00fctzung der einzelnen Anlagen werden von THARROS ENERGY \u00fcbernommen.<\/p>\t\t\t\t\t\t\t\t<\/div>\n\t\t\t\t<\/div>\n\t\t<div class=\"elementor-element elementor-element-34e643d e-flex e-con-boxed e-con e-child\" data-id=\"34e643d\" data-element_type=\"container\" data-e-type=\"container\">\n\t\t\t\t\t<div class=\"e-con-inner\">\n\t\t\t\t<div class=\"elementor-element elementor-element-550b652 elementor-widget elementor-widget-heading\" data-id=\"550b652\" data-element_type=\"widget\" data-e-type=\"widget\" data-widget_type=\"heading.default\">\n\t\t\t\t<div class=\"elementor-widget-container\">\n\t\t\t\t\t<h2 class=\"elementor-heading-title elementor-size-default\"><a href=\"#top1\">back to top<\/a><\/h2>\t\t\t\t<\/div>\n\t\t\t\t<\/div>\n\t\t\t\t\t<\/div>\n\t\t\t\t<\/div>\n\t\t\t\t<\/div>\n\t\t\t\t\t<\/div>\n\t\t\t\t<\/div>\n\t\t\t\t\t<\/div>\n\t\t\t\t<\/div>\n\t\t\t\t\t<\/div>\n\t\t\t\t<\/div>\n\t\t\t\t<\/div>","protected":false},"excerpt":{"rendered":"<p>\u0395\u03af\u03c3\u03c4\u03b5 \u03b5\u03b4\u03ce: \u0391\u03c1\u03c7\u03b9\u03ba\u03ae \u00bb \u0397 \u0395\u03c0\u03b9\u03c7\u03b5\u03af\u03c1\u03b7\u03c3\u03b7 \u00bb \u0397 \u0395\u03a0\u0399\u03a7\u0395\u0399\u03a1\u0397\u03a3\u0397 \u03a0\u03c1\u03bf\u03c6\u03af\u03bb \u0399\u03c3\u03c4\u03bf\u03c1\u03b9\u03ba\u03cc \u0393\u03b9\u03b1\u03c4\u03af \u03bd\u03b1 \u03b5\u03c0\u03b5\u03bd\u03b4\u03cd\u03c3\u03b5\u03c4\u03b5 \u03c3\u03b5 \u03b5\u03bc\u03ac\u03c2 \u0397 \u0395\u03c0\u03b9\u03c7\u03b5\u03af\u03c1\u03b7\u03c3\u03b7 \u03c3\u03c5\u03bd\u03b4\u03c5\u03ac\u03b6\u03b5\u03b9 \u03c4\u03b7\u03bd \u03c0\u03bf\u03bb\u03c5\u03b5\u03c4\u03ae \u03c4\u03b5\u03c7\u03bd\u03bf\u03b3\u03bd\u03c9\u03c3\u03af\u03b1 \u03c3\u03b5 \u03b8\u03ad\u03bc\u03b1\u03c4\u03b1 \u03b1\u03bd\u03b1\u03bd\u03b5\u03ce\u03c3\u03b9\u03bc\u03c9\u03bd \u03c0\u03b7\u03b3\u03ce\u03bd \u03b5\u03bd\u03ad\u03c1\u03b3\u03b5\u03b9\u03b1\u03c2, \u03c4\u03b9\u03c2 \u03c4\u03b5\u03c7\u03bd\u03b9\u03ba\u03ad\u03c2 \u03c0\u03c4\u03c5\u03c7\u03ad\u03c2 \u03c4\u03c9\u03bd \u03bc\u03bf\u03bd\u03ac\u03b4\u03c9\u03bd \u0391\u03a0\u0395 \u03bc\u03b5 \u03c4\u03b7\u03bd \u03bf\u03b9\u03ba\u03bf\u03bd\u03bf\u03bc\u03bf\u03c4\u03b5\u03c7\u03bd\u03b9\u03ba\u03ae \u03c3\u03c5\u03bd\u03b9\u03c3\u03c4\u03ce\u03c3\u03b1. \u03a0\u03a1\u039f\u03a6\u0399\u039b \u0393\u03b9\u03b1 \u03ad\u03bd\u03b1 \u03bc\u03b1\u03ba\u03c1\u03bf\u03c7\u03c1\u03cc\u03bd\u03b9\u03bf \u03c0\u03c1\u03bf\u03c3\u03bf\u03b4\u03bf\u03c6\u03cc\u03c1\u03bf \u03b5\u03c0\u03b5\u03bd\u03b4\u03c5\u03c4\u03b9\u03ba\u03cc \u03b1\u03c0\u03bf\u03c4\u03ad\u03bb\u03b5\u03c3\u03bc\u03b1 \u03c3\u03c4\u03b9\u03c2 \u0391\u03bd\u03b1\u03bd\u03b5\u03ce\u03c3\u03b9\u03bc\u03b5\u03c2 \u03a0\u03b7\u03b3\u03ad\u03c2 \u0395\u03bd\u03ad\u03c1\u03b3\u03b5\u03b9\u03b1\u03c2 (\u0391\u03a0\u0395) \u03b5\u03af\u03bd\u03b1\u03b9 \u03ba\u03b1\u03b8\u03bf\u03c1\u03b9\u03c3\u03c4\u03b9\u03ba\u03ae \u03b7 \u03c0\u03bf\u03bb\u03c5\u03b5\u03c4\u03ae\u03c2 \u03b5\u03bc\u03c0\u03b5\u03b9\u03c1\u03af\u03b1 \u03c4\u03c9\u03bd [&hellip;]<\/p>\n","protected":false},"author":1,"featured_media":0,"parent":14,"menu_order":0,"comment_status":"closed","ping_status":"closed","template":"","meta":{"footnotes":""},"class_list":["post-359","page","type-page","status-publish","hentry"],"yoast_head":"<!-- This site is optimized with the Yoast SEO Premium plugin v25.6 (Yoast SEO v27.3) - https:\/\/yoast.com\/product\/yoast-seo-premium-wordpress\/ -->\n<title>\u03a0\u03c1\u03bf\u03c6\u03af\u03bb - THARROS \u0395\u039d\u0395\u03a1\u0393\u0395\u0399\u0391\u039a\u0397<\/title>\n<meta name=\"robots\" content=\"index, follow, max-snippet:-1, max-image-preview:large, max-video-preview:-1\" \/>\n<link rel=\"canonical\" href=\"https:\/\/tharros-energy.com\/de\/i-epicheirisi\/profil\/\" \/>\n<meta property=\"og:locale\" content=\"de_DE\" \/>\n<meta property=\"og:type\" content=\"article\" \/>\n<meta property=\"og:title\" content=\"\u03a0\u03c1\u03bf\u03c6\u03af\u03bb\" \/>\n<meta property=\"og:description\" content=\"\u0395\u03af\u03c3\u03c4\u03b5 \u03b5\u03b4\u03ce: \u0391\u03c1\u03c7\u03b9\u03ba\u03ae \u00bb \u0397 \u0395\u03c0\u03b9\u03c7\u03b5\u03af\u03c1\u03b7\u03c3\u03b7 \u00bb \u0397 \u0395\u03a0\u0399\u03a7\u0395\u0399\u03a1\u0397\u03a3\u0397 \u03a0\u03c1\u03bf\u03c6\u03af\u03bb \u0399\u03c3\u03c4\u03bf\u03c1\u03b9\u03ba\u03cc \u0393\u03b9\u03b1\u03c4\u03af \u03bd\u03b1 \u03b5\u03c0\u03b5\u03bd\u03b4\u03cd\u03c3\u03b5\u03c4\u03b5 \u03c3\u03b5 \u03b5\u03bc\u03ac\u03c2 \u0397 \u0395\u03c0\u03b9\u03c7\u03b5\u03af\u03c1\u03b7\u03c3\u03b7 \u03c3\u03c5\u03bd\u03b4\u03c5\u03ac\u03b6\u03b5\u03b9 \u03c4\u03b7\u03bd \u03c0\u03bf\u03bb\u03c5\u03b5\u03c4\u03ae \u03c4\u03b5\u03c7\u03bd\u03bf\u03b3\u03bd\u03c9\u03c3\u03af\u03b1 \u03c3\u03b5 \u03b8\u03ad\u03bc\u03b1\u03c4\u03b1 \u03b1\u03bd\u03b1\u03bd\u03b5\u03ce\u03c3\u03b9\u03bc\u03c9\u03bd \u03c0\u03b7\u03b3\u03ce\u03bd \u03b5\u03bd\u03ad\u03c1\u03b3\u03b5\u03b9\u03b1\u03c2, \u03c4\u03b9\u03c2 \u03c4\u03b5\u03c7\u03bd\u03b9\u03ba\u03ad\u03c2 \u03c0\u03c4\u03c5\u03c7\u03ad\u03c2 \u03c4\u03c9\u03bd \u03bc\u03bf\u03bd\u03ac\u03b4\u03c9\u03bd \u0391\u03a0\u0395 \u03bc\u03b5 \u03c4\u03b7\u03bd \u03bf\u03b9\u03ba\u03bf\u03bd\u03bf\u03bc\u03bf\u03c4\u03b5\u03c7\u03bd\u03b9\u03ba\u03ae \u03c3\u03c5\u03bd\u03b9\u03c3\u03c4\u03ce\u03c3\u03b1. \u03a0\u03a1\u039f\u03a6\u0399\u039b \u0393\u03b9\u03b1 \u03ad\u03bd\u03b1 \u03bc\u03b1\u03ba\u03c1\u03bf\u03c7\u03c1\u03cc\u03bd\u03b9\u03bf \u03c0\u03c1\u03bf\u03c3\u03bf\u03b4\u03bf\u03c6\u03cc\u03c1\u03bf \u03b5\u03c0\u03b5\u03bd\u03b4\u03c5\u03c4\u03b9\u03ba\u03cc \u03b1\u03c0\u03bf\u03c4\u03ad\u03bb\u03b5\u03c3\u03bc\u03b1 \u03c3\u03c4\u03b9\u03c2 \u0391\u03bd\u03b1\u03bd\u03b5\u03ce\u03c3\u03b9\u03bc\u03b5\u03c2 \u03a0\u03b7\u03b3\u03ad\u03c2 \u0395\u03bd\u03ad\u03c1\u03b3\u03b5\u03b9\u03b1\u03c2 (\u0391\u03a0\u0395) \u03b5\u03af\u03bd\u03b1\u03b9 \u03ba\u03b1\u03b8\u03bf\u03c1\u03b9\u03c3\u03c4\u03b9\u03ba\u03ae \u03b7 \u03c0\u03bf\u03bb\u03c5\u03b5\u03c4\u03ae\u03c2 \u03b5\u03bc\u03c0\u03b5\u03b9\u03c1\u03af\u03b1 \u03c4\u03c9\u03bd [&hellip;]\" \/>\n<meta property=\"og:url\" content=\"https:\/\/tharros-energy.com\/de\/i-epicheirisi\/profil\/\" \/>\n<meta property=\"og:site_name\" content=\"THARROS \u0395\u039d\u0395\u03a1\u0393\u0395\u0399\u0391\u039a\u0397\" \/>\n<meta property=\"article:modified_time\" content=\"2023-11-09T14:35:23+00:00\" \/>\n<meta name=\"twitter:card\" content=\"summary_large_image\" \/>\n<meta name=\"twitter:label1\" content=\"Gesch\u00e4tzte Lesezeit\" \/>\n\t<meta name=\"twitter:data1\" content=\"2\u00a0Minuten\" \/>\n<script type=\"application\/ld+json\" class=\"yoast-schema-graph\">{\"@context\":\"https:\\\/\\\/schema.org\",\"@graph\":[{\"@type\":\"WebPage\",\"@id\":\"https:\\\/\\\/tharros-energy.com\\\/i-epicheirisi\\\/profil\\\/\",\"url\":\"https:\\\/\\\/tharros-energy.com\\\/i-epicheirisi\\\/profil\\\/\",\"name\":\"\u03a0\u03c1\u03bf\u03c6\u03af\u03bb - THARROS \u0395\u039d\u0395\u03a1\u0393\u0395\u0399\u0391\u039a\u0397\",\"isPartOf\":{\"@id\":\"https:\\\/\\\/tharros-energy.com\\\/#website\"},\"datePublished\":\"2023-11-08T08:03:30+00:00\",\"dateModified\":\"2023-11-09T14:35:23+00:00\",\"breadcrumb\":{\"@id\":\"https:\\\/\\\/tharros-energy.com\\\/i-epicheirisi\\\/profil\\\/#breadcrumb\"},\"inLanguage\":\"de\",\"potentialAction\":[{\"@type\":\"ReadAction\",\"target\":[\"https:\\\/\\\/tharros-energy.com\\\/i-epicheirisi\\\/profil\\\/\"]}]},{\"@type\":\"BreadcrumbList\",\"@id\":\"https:\\\/\\\/tharros-energy.com\\\/i-epicheirisi\\\/profil\\\/#breadcrumb\",\"itemListElement\":[{\"@type\":\"ListItem\",\"position\":1,\"name\":\"\u0391\u03c1\u03c7\u03b9\u03ba\u03ae\",\"item\":\"https:\\\/\\\/tharros-energy.com\\\/\"},{\"@type\":\"ListItem\",\"position\":2,\"name\":\"\u0397 \u0395\u03c0\u03b9\u03c7\u03b5\u03af\u03c1\u03b7\u03c3\u03b7\",\"item\":\"https:\\\/\\\/tharros-energy.com\\\/i-epicheirisi\\\/\"},{\"@type\":\"ListItem\",\"position\":3,\"name\":\"\u03a0\u03c1\u03bf\u03c6\u03af\u03bb\"}]},{\"@type\":\"WebSite\",\"@id\":\"https:\\\/\\\/tharros-energy.com\\\/#website\",\"url\":\"https:\\\/\\\/tharros-energy.com\\\/\",\"name\":\"THARROS \u0395\u039d\u0395\u03a1\u0393\u0395\u0399\u0391\u039a\u0397\",\"description\":\"\u0395\u03c0\u03b5\u03bd\u03b4\u03c5\u03c4\u03b9\u03ba\u03ac \u0388\u03c1\u03b3\u03b1 | \u0392\u03b9\u03bf\u03bc\u03ac\u03b6\u03b1 | \u0392\u03b9\u03bf\u03b1\u03ad\u03c1\u03b9\u03bf | Biodiesel | \u0391\u03bd\u03b1\u03bd\u03b5\u03ce\u03c3\u03b9\u03bc\u03b5\u03c2 \u03a0\u03b7\u03b3\u03ad\u03c2 \u0395\u03bd\u03ad\u03c1\u03b3\u03b5\u03b9\u03b1\u03c2 | \u03a4\u03b5\u03c7\u03bd\u03bf\u03bb\u03bf\u03b3\u03af\u03b1 \u0391\u03b5\u03c1\u03b9\u03bf\u03c0\u03bf\u03af\u03b7\u03c3\u03b7\u03c2 | \u0395\u03bd\u03b5\u03c1\u03b3\u03b5\u03b9\u03b1\u03ba\u03ac \u0388\u03c1\u03b3\u03b1 | \u03a4\u03b5\u03c7\u03bd\u03bf\u03bb\u03bf\u03b3\u03af\u03b1 \u0391\u03bd\u03b1\u03b5\u03c1\u03cc\u03b2\u03b9\u03b1\u03c2 \u03a7\u03ce\u03bd\u03b5\u03c5\u03c3\u03b7\u03c2 | \u03a6\u03c9\u03c4\u03bf\u03b2\u03bf\u03bb\u03c4\u03b1\u03ca\u03ba\u03ac | \u039b\u03ac\u03c1\u03b9\u03c3\u03b1 | \u0392\u03cc\u03bb\u03bf\u03c2 | \u03a4\u03c1\u03af\u03ba\u03b1\u03bb\u03b1 | \u039a\u03b1\u03c1\u03b4\u03af\u03c4\u03c3\u03b1\",\"publisher\":{\"@id\":\"https:\\\/\\\/tharros-energy.com\\\/#organization\"},\"potentialAction\":[{\"@type\":\"SearchAction\",\"target\":{\"@type\":\"EntryPoint\",\"urlTemplate\":\"https:\\\/\\\/tharros-energy.com\\\/?s={search_term_string}\"},\"query-input\":{\"@type\":\"PropertyValueSpecification\",\"valueRequired\":true,\"valueName\":\"search_term_string\"}}],\"inLanguage\":\"de\"},{\"@type\":\"Organization\",\"@id\":\"https:\\\/\\\/tharros-energy.com\\\/#organization\",\"name\":\"THARROS \u0395\u039d\u0395\u03a1\u0393\u0395\u0399\u0391\u039a\u0397\",\"url\":\"https:\\\/\\\/tharros-energy.com\\\/\",\"logo\":{\"@type\":\"ImageObject\",\"inLanguage\":\"de\",\"@id\":\"https:\\\/\\\/tharros-energy.com\\\/#\\\/schema\\\/logo\\\/image\\\/\",\"url\":\"https:\\\/\\\/tharros-energy.com\\\/wp-content\\\/uploads\\\/2023\\\/11\\\/logo-tharros-energy.jpg\",\"contentUrl\":\"https:\\\/\\\/tharros-energy.com\\\/wp-content\\\/uploads\\\/2023\\\/11\\\/logo-tharros-energy.jpg\",\"width\":240,\"height\":93,\"caption\":\"THARROS \u0395\u039d\u0395\u03a1\u0393\u0395\u0399\u0391\u039a\u0397\"},\"image\":{\"@id\":\"https:\\\/\\\/tharros-energy.com\\\/#\\\/schema\\\/logo\\\/image\\\/\"}}]}<\/script>\n<!-- \/ Yoast SEO Premium plugin. -->","yoast_head_json":{"title":"\u03a0\u03c1\u03bf\u03c6\u03af\u03bb - THARROS \u0395\u039d\u0395\u03a1\u0393\u0395\u0399\u0391\u039a\u0397","robots":{"index":"index","follow":"follow","max-snippet":"max-snippet:-1","max-image-preview":"max-image-preview:large","max-video-preview":"max-video-preview:-1"},"canonical":"https:\/\/tharros-energy.com\/de\/i-epicheirisi\/profil\/","og_locale":"de_DE","og_type":"article","og_title":"\u03a0\u03c1\u03bf\u03c6\u03af\u03bb","og_description":"\u0395\u03af\u03c3\u03c4\u03b5 \u03b5\u03b4\u03ce: \u0391\u03c1\u03c7\u03b9\u03ba\u03ae \u00bb \u0397 \u0395\u03c0\u03b9\u03c7\u03b5\u03af\u03c1\u03b7\u03c3\u03b7 \u00bb \u0397 \u0395\u03a0\u0399\u03a7\u0395\u0399\u03a1\u0397\u03a3\u0397 \u03a0\u03c1\u03bf\u03c6\u03af\u03bb \u0399\u03c3\u03c4\u03bf\u03c1\u03b9\u03ba\u03cc \u0393\u03b9\u03b1\u03c4\u03af \u03bd\u03b1 \u03b5\u03c0\u03b5\u03bd\u03b4\u03cd\u03c3\u03b5\u03c4\u03b5 \u03c3\u03b5 \u03b5\u03bc\u03ac\u03c2 \u0397 \u0395\u03c0\u03b9\u03c7\u03b5\u03af\u03c1\u03b7\u03c3\u03b7 \u03c3\u03c5\u03bd\u03b4\u03c5\u03ac\u03b6\u03b5\u03b9 \u03c4\u03b7\u03bd \u03c0\u03bf\u03bb\u03c5\u03b5\u03c4\u03ae \u03c4\u03b5\u03c7\u03bd\u03bf\u03b3\u03bd\u03c9\u03c3\u03af\u03b1 \u03c3\u03b5 \u03b8\u03ad\u03bc\u03b1\u03c4\u03b1 \u03b1\u03bd\u03b1\u03bd\u03b5\u03ce\u03c3\u03b9\u03bc\u03c9\u03bd \u03c0\u03b7\u03b3\u03ce\u03bd \u03b5\u03bd\u03ad\u03c1\u03b3\u03b5\u03b9\u03b1\u03c2, \u03c4\u03b9\u03c2 \u03c4\u03b5\u03c7\u03bd\u03b9\u03ba\u03ad\u03c2 \u03c0\u03c4\u03c5\u03c7\u03ad\u03c2 \u03c4\u03c9\u03bd \u03bc\u03bf\u03bd\u03ac\u03b4\u03c9\u03bd \u0391\u03a0\u0395 \u03bc\u03b5 \u03c4\u03b7\u03bd \u03bf\u03b9\u03ba\u03bf\u03bd\u03bf\u03bc\u03bf\u03c4\u03b5\u03c7\u03bd\u03b9\u03ba\u03ae \u03c3\u03c5\u03bd\u03b9\u03c3\u03c4\u03ce\u03c3\u03b1. \u03a0\u03a1\u039f\u03a6\u0399\u039b \u0393\u03b9\u03b1 \u03ad\u03bd\u03b1 \u03bc\u03b1\u03ba\u03c1\u03bf\u03c7\u03c1\u03cc\u03bd\u03b9\u03bf \u03c0\u03c1\u03bf\u03c3\u03bf\u03b4\u03bf\u03c6\u03cc\u03c1\u03bf \u03b5\u03c0\u03b5\u03bd\u03b4\u03c5\u03c4\u03b9\u03ba\u03cc \u03b1\u03c0\u03bf\u03c4\u03ad\u03bb\u03b5\u03c3\u03bc\u03b1 \u03c3\u03c4\u03b9\u03c2 \u0391\u03bd\u03b1\u03bd\u03b5\u03ce\u03c3\u03b9\u03bc\u03b5\u03c2 \u03a0\u03b7\u03b3\u03ad\u03c2 \u0395\u03bd\u03ad\u03c1\u03b3\u03b5\u03b9\u03b1\u03c2 (\u0391\u03a0\u0395) \u03b5\u03af\u03bd\u03b1\u03b9 \u03ba\u03b1\u03b8\u03bf\u03c1\u03b9\u03c3\u03c4\u03b9\u03ba\u03ae \u03b7 \u03c0\u03bf\u03bb\u03c5\u03b5\u03c4\u03ae\u03c2 \u03b5\u03bc\u03c0\u03b5\u03b9\u03c1\u03af\u03b1 \u03c4\u03c9\u03bd [&hellip;]","og_url":"https:\/\/tharros-energy.com\/de\/i-epicheirisi\/profil\/","og_site_name":"THARROS \u0395\u039d\u0395\u03a1\u0393\u0395\u0399\u0391\u039a\u0397","article_modified_time":"2023-11-09T14:35:23+00:00","twitter_card":"summary_large_image","twitter_misc":{"Gesch\u00e4tzte Lesezeit":"2\u00a0Minuten"},"schema":{"@context":"https:\/\/schema.org","@graph":[{"@type":"WebPage","@id":"https:\/\/tharros-energy.com\/i-epicheirisi\/profil\/","url":"https:\/\/tharros-energy.com\/i-epicheirisi\/profil\/","name":"\u03a0\u03c1\u03bf\u03c6\u03af\u03bb - THARROS \u0395\u039d\u0395\u03a1\u0393\u0395\u0399\u0391\u039a\u0397","isPartOf":{"@id":"https:\/\/tharros-energy.com\/#website"},"datePublished":"2023-11-08T08:03:30+00:00","dateModified":"2023-11-09T14:35:23+00:00","breadcrumb":{"@id":"https:\/\/tharros-energy.com\/i-epicheirisi\/profil\/#breadcrumb"},"inLanguage":"de","potentialAction":[{"@type":"ReadAction","target":["https:\/\/tharros-energy.com\/i-epicheirisi\/profil\/"]}]},{"@type":"BreadcrumbList","@id":"https:\/\/tharros-energy.com\/i-epicheirisi\/profil\/#breadcrumb","itemListElement":[{"@type":"ListItem","position":1,"name":"\u0391\u03c1\u03c7\u03b9\u03ba\u03ae","item":"https:\/\/tharros-energy.com\/"},{"@type":"ListItem","position":2,"name":"\u0397 \u0395\u03c0\u03b9\u03c7\u03b5\u03af\u03c1\u03b7\u03c3\u03b7","item":"https:\/\/tharros-energy.com\/i-epicheirisi\/"},{"@type":"ListItem","position":3,"name":"\u03a0\u03c1\u03bf\u03c6\u03af\u03bb"}]},{"@type":"WebSite","@id":"https:\/\/tharros-energy.com\/#website","url":"https:\/\/tharros-energy.com\/","name":"THARROS ENERGY","description":"\u0395\u03c0\u03b5\u03bd\u03b4\u03c5\u03c4\u03b9\u03ba\u03ac \u0388\u03c1\u03b3\u03b1 | \u0392\u03b9\u03bf\u03bc\u03ac\u03b6\u03b1 | \u0392\u03b9\u03bf\u03b1\u03ad\u03c1\u03b9\u03bf | Biodiesel | \u0391\u03bd\u03b1\u03bd\u03b5\u03ce\u03c3\u03b9\u03bc\u03b5\u03c2 \u03a0\u03b7\u03b3\u03ad\u03c2 \u0395\u03bd\u03ad\u03c1\u03b3\u03b5\u03b9\u03b1\u03c2 | \u03a4\u03b5\u03c7\u03bd\u03bf\u03bb\u03bf\u03b3\u03af\u03b1 \u0391\u03b5\u03c1\u03b9\u03bf\u03c0\u03bf\u03af\u03b7\u03c3\u03b7\u03c2 | \u0395\u03bd\u03b5\u03c1\u03b3\u03b5\u03b9\u03b1\u03ba\u03ac \u0388\u03c1\u03b3\u03b1 | \u03a4\u03b5\u03c7\u03bd\u03bf\u03bb\u03bf\u03b3\u03af\u03b1 \u0391\u03bd\u03b1\u03b5\u03c1\u03cc\u03b2\u03b9\u03b1\u03c2 \u03a7\u03ce\u03bd\u03b5\u03c5\u03c3\u03b7\u03c2 | \u03a6\u03c9\u03c4\u03bf\u03b2\u03bf\u03bb\u03c4\u03b1\u03ca\u03ba\u03ac | \u039b\u03ac\u03c1\u03b9\u03c3\u03b1 | \u0392\u03cc\u03bb\u03bf\u03c2 | \u03a4\u03c1\u03af\u03ba\u03b1\u03bb\u03b1 | \u039a\u03b1\u03c1\u03b4\u03af\u03c4\u03c3\u03b1","publisher":{"@id":"https:\/\/tharros-energy.com\/#organization"},"potentialAction":[{"@type":"SearchAction","target":{"@type":"EntryPoint","urlTemplate":"https:\/\/tharros-energy.com\/?s={search_term_string}"},"query-input":{"@type":"PropertyValueSpecification","valueRequired":true,"valueName":"search_term_string"}}],"inLanguage":"de"},{"@type":"Organization","@id":"https:\/\/tharros-energy.com\/#organization","name":"THARROS ENERGY","url":"https:\/\/tharros-energy.com\/","logo":{"@type":"ImageObject","inLanguage":"de","@id":"https:\/\/tharros-energy.com\/#\/schema\/logo\/image\/","url":"https:\/\/tharros-energy.com\/wp-content\/uploads\/2023\/11\/logo-tharros-energy.jpg","contentUrl":"https:\/\/tharros-energy.com\/wp-content\/uploads\/2023\/11\/logo-tharros-energy.jpg","width":240,"height":93,"caption":"THARROS \u0395\u039d\u0395\u03a1\u0393\u0395\u0399\u0391\u039a\u0397"},"image":{"@id":"https:\/\/tharros-energy.com\/#\/schema\/logo\/image\/"}}]}},"_links":{"self":[{"href":"https:\/\/tharros-energy.com\/de\/wp-json\/wp\/v2\/pages\/359","targetHints":{"allow":["GET"]}}],"collection":[{"href":"https:\/\/tharros-energy.com\/de\/wp-json\/wp\/v2\/pages"}],"about":[{"href":"https:\/\/tharros-energy.com\/de\/wp-json\/wp\/v2\/types\/page"}],"author":[{"embeddable":true,"href":"https:\/\/tharros-energy.com\/de\/wp-json\/wp\/v2\/users\/1"}],"replies":[{"embeddable":true,"href":"https:\/\/tharros-energy.com\/de\/wp-json\/wp\/v2\/comments?post=359"}],"version-history":[{"count":34,"href":"https:\/\/tharros-energy.com\/de\/wp-json\/wp\/v2\/pages\/359\/revisions"}],"predecessor-version":[{"id":930,"href":"https:\/\/tharros-energy.com\/de\/wp-json\/wp\/v2\/pages\/359\/revisions\/930"}],"up":[{"embeddable":true,"href":"https:\/\/tharros-energy.com\/de\/wp-json\/wp\/v2\/pages\/14"}],"wp:attachment":[{"href":"https:\/\/tharros-energy.com\/de\/wp-json\/wp\/v2\/media?parent=359"}],"curies":[{"name":"wp","href":"https:\/\/api.w.org\/{rel}","templated":true}]}}