{"id":17,"date":"2023-11-07T12:32:24","date_gmt":"2023-11-07T10:32:24","guid":{"rendered":"https:\/\/tharros-energy.com\/?page_id=17"},"modified":"2024-01-10T10:27:16","modified_gmt":"2024-01-10T08:27:16","slug":"viomaza","status":"publish","type":"page","link":"https:\/\/tharros-energy.com\/de\/viomaza\/","title":{"rendered":"BIOMASSE"},"content":{"rendered":"<div data-elementor-type=\"wp-page\" data-elementor-id=\"17\" class=\"elementor elementor-17\" data-elementor-post-type=\"page\">\n\t\t\t\t<div class=\"elementor-element elementor-element-42e27c5 e-flex e-con-boxed e-con e-parent\" data-id=\"42e27c5\" data-element_type=\"container\" data-e-type=\"container\">\n\t\t\t\t\t<div class=\"e-con-inner\">\n\t\t<div class=\"elementor-element elementor-element-582b405 e-flex e-con-boxed e-con e-child\" data-id=\"582b405\" data-element_type=\"container\" data-e-type=\"container\" data-settings=\"{&quot;background_background&quot;:&quot;classic&quot;}\">\n\t\t\t\t\t<div class=\"e-con-inner\">\n\t\t\t\t\t<\/div>\n\t\t\t\t<\/div>\n\t\t\t\t\t<\/div>\n\t\t\t\t<\/div>\n\t\t<div class=\"elementor-element elementor-element-0004547 e-flex e-con-boxed e-con e-parent\" data-id=\"0004547\" data-element_type=\"container\" data-e-type=\"container\">\n\t\t\t\t\t<div class=\"e-con-inner\">\n\t\t<div class=\"elementor-element elementor-element-060ce6f e-flex e-con-boxed e-con e-child\" data-id=\"060ce6f\" data-element_type=\"container\" data-e-type=\"container\" data-settings=\"{&quot;background_background&quot;:&quot;classic&quot;}\">\n\t\t\t\t\t<div class=\"e-con-inner\">\n\t\t<div class=\"elementor-element elementor-element-4e9af09 e-flex e-con-boxed e-con e-child\" data-id=\"4e9af09\" data-element_type=\"container\" data-e-type=\"container\">\n\t\t\t\t\t<div class=\"e-con-inner\">\n\t\t\t\t<div class=\"elementor-element elementor-element-c436c31 elementor-widget elementor-widget-heading\" data-id=\"c436c31\" data-element_type=\"widget\" data-e-type=\"widget\" data-widget_type=\"heading.default\">\n\t\t\t\t<div class=\"elementor-widget-container\">\n\t\t\t\t\t<h2 class=\"elementor-heading-title elementor-size-default\">Sie Sind Hier:<\/h2>\t\t\t\t<\/div>\n\t\t\t\t<\/div>\n\t\t\t\t<div class=\"elementor-element elementor-element-3b8aa56 elementor-widget elementor-widget-heading\" data-id=\"3b8aa56\" data-element_type=\"widget\" data-e-type=\"widget\" data-widget_type=\"heading.default\">\n\t\t\t\t<div class=\"elementor-widget-container\">\n\t\t\t\t\t<h2 class=\"elementor-heading-title elementor-size-default\"><a href=\"https:\/\/tharros-energy.com\/de\">Startseite \u00bb<\/a><\/h2>\t\t\t\t<\/div>\n\t\t\t\t<\/div>\n\t\t\t\t<div class=\"elementor-element elementor-element-53d1c55 elementor-widget elementor-widget-heading\" data-id=\"53d1c55\" data-element_type=\"widget\" data-e-type=\"widget\" data-widget_type=\"heading.default\">\n\t\t\t\t<div class=\"elementor-widget-container\">\n\t\t\t\t\t<h2 class=\"elementor-heading-title elementor-size-default\">BIOMASSE<\/h2>\t\t\t\t<\/div>\n\t\t\t\t<\/div>\n\t\t\t\t\t<\/div>\n\t\t\t\t<\/div>\n\t\t<div class=\"elementor-element elementor-element-fa2ce32 e-flex e-con-boxed e-con e-child\" data-id=\"fa2ce32\" data-element_type=\"container\" data-e-type=\"container\">\n\t\t\t\t\t<div class=\"e-con-inner\">\n\t\t<div class=\"elementor-element elementor-element-af69aa0 e-con-full e-flex e-con e-child\" data-id=\"af69aa0\" data-element_type=\"container\" data-e-type=\"container\">\n\t\t<div class=\"elementor-element elementor-element-fb69d15 e-flex e-con-boxed e-con e-child\" data-id=\"fb69d15\" data-element_type=\"container\" data-e-type=\"container\" data-settings=\"{&quot;background_background&quot;:&quot;classic&quot;}\">\n\t\t\t\t\t<div class=\"e-con-inner\">\n\t\t\t\t<div class=\"elementor-element elementor-element-20ab9ae elementor-widget elementor-widget-heading\" data-id=\"20ab9ae\" data-element_type=\"widget\" data-e-type=\"widget\" data-widget_type=\"heading.default\">\n\t\t\t\t<div class=\"elementor-widget-container\">\n\t\t\t\t\t<h2 class=\"elementor-heading-title elementor-size-default\">BIOMASSE<\/h2>\t\t\t\t<\/div>\n\t\t\t\t<\/div>\n\t\t\t\t<div class=\"elementor-element elementor-element-60bb7b7 elementor-icon-list--layout-traditional elementor-list-item-link-full_width elementor-widget elementor-widget-icon-list\" data-id=\"60bb7b7\" data-element_type=\"widget\" data-e-type=\"widget\" data-widget_type=\"icon-list.default\">\n\t\t\t\t<div class=\"elementor-widget-container\">\n\t\t\t\t\t\t\t<ul class=\"elementor-icon-list-items\">\n\t\t\t\t\t\t\t<li class=\"elementor-icon-list-item\">\n\t\t\t\t\t\t\t\t\t\t\t<a href=\"https:\/\/tharros-energy.com\/de\/viomaza\/aeriopoiisi\/\">\n\n\t\t\t\t\t\t\t\t\t\t\t<span class=\"elementor-icon-list-text\">Vergasungstechnologie<\/span>\n\t\t\t\t\t\t\t\t\t\t\t<\/a>\n\t\t\t\t\t\t\t\t\t<\/li>\n\t\t\t\t\t\t\t\t<li class=\"elementor-icon-list-item\">\n\t\t\t\t\t\t\t\t\t\t\t<a href=\"https:\/\/tharros-energy.com\/de\/viomaza\/biodiesel\/\">\n\n\t\t\t\t\t\t\t\t\t\t\t<span class=\"elementor-icon-list-text\">Biodiesel<\/span>\n\t\t\t\t\t\t\t\t\t\t\t<\/a>\n\t\t\t\t\t\t\t\t\t<\/li>\n\t\t\t\t\t\t\t\t<li class=\"elementor-icon-list-item\">\n\t\t\t\t\t\t\t\t\t\t\t<a href=\"https:\/\/tharros-energy.com\/de\/viomaza\/anaerovia-chonefsi\/\">\n\n\t\t\t\t\t\t\t\t\t\t\t<span class=\"elementor-icon-list-text\">Anaerobe Verg\u00e4rung<\/span>\n\t\t\t\t\t\t\t\t\t\t\t<\/a>\n\t\t\t\t\t\t\t\t\t<\/li>\n\t\t\t\t\t\t<\/ul>\n\t\t\t\t\t\t<\/div>\n\t\t\t\t<\/div>\n\t\t\t\t\t<\/div>\n\t\t\t\t<\/div>\n\t\t<div class=\"elementor-element elementor-element-9be4dbb e-flex e-con-boxed e-con e-child\" data-id=\"9be4dbb\" data-element_type=\"container\" data-e-type=\"container\" data-settings=\"{&quot;background_background&quot;:&quot;classic&quot;}\">\n\t\t\t\t\t<div class=\"e-con-inner\">\n\t\t\t\t<div class=\"elementor-element elementor-element-6ce7132 elementor-widget elementor-widget-text-editor\" data-id=\"6ce7132\" data-element_type=\"widget\" data-e-type=\"widget\" data-widget_type=\"text-editor.default\">\n\t\t\t\t<div class=\"elementor-widget-container\">\n\t\t\t\t\t\t\t\t\t<p>Biomasse und Biobrennstoffe z\u00e4hlen zu den starken Marktteilnehmern mit hohem Wachstumspotenzial<\/p>\t\t\t\t\t\t\t\t<\/div>\n\t\t\t\t<\/div>\n\t\t\t\t\t<\/div>\n\t\t\t\t<\/div>\n\t\t\t\t<\/div>\n\t\t<div class=\"elementor-element elementor-element-244a05a e-con-full e-flex e-con e-child\" data-id=\"244a05a\" data-element_type=\"container\" data-e-type=\"container\">\n\t\t\t\t<div class=\"elementor-element elementor-element-96fd039 elementor-widget elementor-widget-text-editor\" data-id=\"96fd039\" data-element_type=\"widget\" data-e-type=\"widget\" data-widget_type=\"text-editor.default\">\n\t\t\t\t<div class=\"elementor-widget-container\">\n\t\t\t\t\t\t\t\t\t<p class=\"translation-block\">Die Aussch\u00f6pfung der konventionellen, nicht erneuerbaren Brennstoffe, sowohl die irreparablen Umweltsch\u00e4den in der Erdatmosph\u00e4re verursacht durch die Verbrennung fossiler Brennstoffe, die Emission von Kohlendioxid (CO2), was zum Treibhauseffekt, d.h. zur globalen Erw\u00e4rmung beitr\u00e4gt, macht es unerl\u00e4sslich, sich nachhaltigen und umweltfreundlichen Energiequellen, wie es RES (erneuerbare Energiequellen) sind, zuzuwenden. Eine solche ist <strong>Biomasse.<\/strong><\/p><p class=\"translation-block\">Als Biomasse wird eine Energiequelle bezeichnet, die aus organischer Materie entstammt. Biomasse beinhaltet jeglichen Stoff, der durch lebendige Organismen (wie Holz und andere Waldbestandteile, \u00dcberreste aus der Landwirtschaft, Abfallprodukte aus der Tierhaltung und aus der Lebensmittelindustrie usw.) produziert wird und als Brennstoff f\u00fcr die Produktion thermischer oder\/und elektrischer Energie genutzt werden kann..<\/p><p>Die Tatsache, dass der Anteil an Kohlendioxid, der w\u00e4hrend der energetischen Verarbeitung von Biomasse in die Atmosph\u00e4re austritt, gleich ist mit dem Anteil an CO2, der von der Atmosph\u00e4re w\u00e4hrend der Entstehung aufgenommen wurde, macht Biomasse zu einer erneuerbaren Energiequelle. Demzufolge ist es eine Gesamt Null Kohlendioxid-Bilanz und Biomasse tr\u00e4gt nicht zum Treibhauseffekt bei.<\/p><p>Die Entwicklung, die in den letzten Jahren in der Agrartechnologie zu verzeichnen ist, f\u00fchrte zu einer Kostensenkung von Biomasse als Rohstoff, was einer g\u00fcnstigeren Energieproduktion gleichkommt.<\/p><p>Letztendlich tr\u00e4gt die Abwesenheit von Schwefel in Biomasse erheblich zur Reduzierung der Emissionen von Schwefeldioxid (SO2), welche f\u00fcr den sauren Regen verantwortlich sind, bei.<\/p><p>Es gibt zwei Arten von Biomasse :<\/p><ul><li>Restformen (jede Art von Pflanzenresten, Tierabf\u00e4lle und Abf\u00e4lle \u2013 Wasser).<\/li><li>Biomasse, die von Energiepflanzen produziert wird.<\/li><\/ul>\t\t\t\t\t\t\t\t<\/div>\n\t\t\t\t<\/div>\n\t\t<div class=\"elementor-element elementor-element-e04c8e0 e-flex e-con-boxed e-con e-child\" data-id=\"e04c8e0\" data-element_type=\"container\" data-e-type=\"container\">\n\t\t\t\t\t<div class=\"e-con-inner\">\n\t\t\t\t<div class=\"elementor-element elementor-element-6834fed elementor-widget elementor-widget-heading\" data-id=\"6834fed\" data-element_type=\"widget\" data-e-type=\"widget\" data-widget_type=\"heading.default\">\n\t\t\t\t<div class=\"elementor-widget-container\">\n\t\t\t\t\t<h2 class=\"elementor-heading-title elementor-size-default\"><a href=\"#top1\">back to top<\/a><\/h2>\t\t\t\t<\/div>\n\t\t\t\t<\/div>\n\t\t\t\t\t<\/div>\n\t\t\t\t<\/div>\n\t\t\t\t<\/div>\n\t\t\t\t\t<\/div>\n\t\t\t\t<\/div>\n\t\t\t\t\t<\/div>\n\t\t\t\t<\/div>\n\t\t\t\t\t<\/div>\n\t\t\t\t<\/div>\n\t\t\t\t<\/div>","protected":false},"excerpt":{"rendered":"<p>\u0395\u03af\u03c3\u03c4\u03b5 \u03b5\u03b4\u03ce: \u0391\u03c1\u03c7\u03b9\u03ba\u03ae \u00bb \u0392\u0399\u039f\u039c\u0391\u0396\u0391 \u0391\u03b5\u03c1\u03b9\u03bf\u03c0\u03bf\u03af\u03b7\u03c3\u03b7 Biodiesel \u0391\u03bd\u03b1\u03b5\u03c1\u03cc\u03b2\u03b9\u03b1 \u03a7\u03ce\u03bd\u03b5\u03c5\u03c3\u03b7 \u0397 \u0392\u03b9\u03bf\u03bc\u03ac\u03b6\u03b1 \u03ba\u03b1\u03b9 \u03c4\u03b1 \u0392\u03b9\u03bf\u03ba\u03b1\u03cd\u03c3\u03b9\u03bc\u03b1 \u03b8\u03b5\u03c9\u03c1\u03bf\u03cd\u03bd\u03c4\u03b1\u03b9 \u03bf\u03b9 \u03b9\u03c3\u03c7\u03c5\u03c1\u03bf\u03af \u03c3\u03c5\u03bd\u03c4\u03b5\u03bb\u03b5\u03c3\u03c4\u03ad\u03c2 \u03c4\u03b7\u03c2 \u03b1\u03b3\u03bf\u03c1\u03ac\u03c2 \u03bc\u03b5 \u03c5\u03c8\u03b7\u03bb\u03ad\u03c2 \u03c0\u03c1\u03bf\u03bf\u03c0\u03c4\u03b9\u03ba\u03ad\u03c2 \u03b1\u03bd\u03ac\u03c0\u03c4\u03c5\u03be\u03b7\u03c2 \u0397 \u03b5\u03be\u03ac\u03bd\u03c4\u03bb\u03b7\u03c3\u03b7 \u03c4\u03c9\u03bd \u03c3\u03c5\u03bc\u03b2\u03b1\u03c4\u03b9\u03ba\u03ce\u03bd, \u03bc\u03b7 \u03b1\u03bd\u03b1\u03bd\u03b5\u03ce\u03c3\u03b9\u03bc\u03c9\u03bd \u03ba\u03b1\u03c5\u03c3\u03af\u03bc\u03c9\u03bd, \u03ba\u03b1\u03b8\u03ce\u03c2 \u03ba\u03b1\u03b9 \u03b7 \u03b1\u03bd\u03b5\u03c0\u03b1\u03bd\u03cc\u03c1\u03b8\u03c9\u03c4\u03b7 \u03b6\u03b7\u03bc\u03b9\u03ac \u03c0\u03bf\u03c5 \u03ad\u03c7\u03b5\u03b9 \u03c0\u03c1\u03bf\u03ba\u03bb\u03b7\u03b8\u03b5\u03af \u03c3\u03c4\u03b7\u03bd \u03b1\u03c4\u03bc\u03cc\u03c3\u03c6\u03b1\u03b9\u03c1\u03b1 \u03c4\u03b7\u03c2 \u03b3\u03b7\u03c2 \u03b1\u03c0\u03cc \u03c4\u03b7 \u03ba\u03b1\u03cd\u03c3\u03b7 \u03bf\u03c1\u03c5\u03ba\u03c4\u03ce\u03bd \u03ba\u03b1\u03c5\u03c3\u03af\u03bc\u03c9\u03bd, \u03bb\u03cc\u03b3\u03c9 \u03c4\u03b7\u03c2 \u03b5\u03ba\u03c0\u03bf\u03bc\u03c0\u03ae\u03c2 \u03b4\u03b9\u03bf\u03be\u03b5\u03b9\u03b4\u03af\u03bf\u03c5 \u03c4\u03bf\u03c5 \u03ac\u03bd\u03b8\u03c1\u03b1\u03ba\u03b1 (CO2), [&hellip;]<\/p>\n","protected":false},"author":1,"featured_media":0,"parent":0,"menu_order":0,"comment_status":"closed","ping_status":"closed","template":"","meta":{"footnotes":""},"class_list":["post-17","page","type-page","status-publish","hentry"],"yoast_head":"<!-- This site is optimized with the Yoast SEO Premium plugin v25.6 (Yoast SEO v27.3) - https:\/\/yoast.com\/product\/yoast-seo-premium-wordpress\/ -->\n<title>\u0392\u03b9\u03bf\u03bc\u03ac\u03b6\u03b1 - THARROS \u0395\u039d\u0395\u03a1\u0393\u0395\u0399\u0391\u039a\u0397<\/title>\n<meta name=\"robots\" content=\"index, follow, max-snippet:-1, max-image-preview:large, max-video-preview:-1\" \/>\n<link rel=\"canonical\" href=\"https:\/\/tharros-energy.com\/de\/viomaza\/\" \/>\n<meta property=\"og:locale\" content=\"de_DE\" \/>\n<meta property=\"og:type\" content=\"article\" \/>\n<meta property=\"og:title\" content=\"\u0392\u03b9\u03bf\u03bc\u03ac\u03b6\u03b1\" \/>\n<meta property=\"og:description\" content=\"\u0395\u03af\u03c3\u03c4\u03b5 \u03b5\u03b4\u03ce: \u0391\u03c1\u03c7\u03b9\u03ba\u03ae \u00bb \u0392\u0399\u039f\u039c\u0391\u0396\u0391 \u0391\u03b5\u03c1\u03b9\u03bf\u03c0\u03bf\u03af\u03b7\u03c3\u03b7 Biodiesel \u0391\u03bd\u03b1\u03b5\u03c1\u03cc\u03b2\u03b9\u03b1 \u03a7\u03ce\u03bd\u03b5\u03c5\u03c3\u03b7 \u0397 \u0392\u03b9\u03bf\u03bc\u03ac\u03b6\u03b1 \u03ba\u03b1\u03b9 \u03c4\u03b1 \u0392\u03b9\u03bf\u03ba\u03b1\u03cd\u03c3\u03b9\u03bc\u03b1 \u03b8\u03b5\u03c9\u03c1\u03bf\u03cd\u03bd\u03c4\u03b1\u03b9 \u03bf\u03b9 \u03b9\u03c3\u03c7\u03c5\u03c1\u03bf\u03af \u03c3\u03c5\u03bd\u03c4\u03b5\u03bb\u03b5\u03c3\u03c4\u03ad\u03c2 \u03c4\u03b7\u03c2 \u03b1\u03b3\u03bf\u03c1\u03ac\u03c2 \u03bc\u03b5 \u03c5\u03c8\u03b7\u03bb\u03ad\u03c2 \u03c0\u03c1\u03bf\u03bf\u03c0\u03c4\u03b9\u03ba\u03ad\u03c2 \u03b1\u03bd\u03ac\u03c0\u03c4\u03c5\u03be\u03b7\u03c2 \u0397 \u03b5\u03be\u03ac\u03bd\u03c4\u03bb\u03b7\u03c3\u03b7 \u03c4\u03c9\u03bd \u03c3\u03c5\u03bc\u03b2\u03b1\u03c4\u03b9\u03ba\u03ce\u03bd, \u03bc\u03b7 \u03b1\u03bd\u03b1\u03bd\u03b5\u03ce\u03c3\u03b9\u03bc\u03c9\u03bd \u03ba\u03b1\u03c5\u03c3\u03af\u03bc\u03c9\u03bd, \u03ba\u03b1\u03b8\u03ce\u03c2 \u03ba\u03b1\u03b9 \u03b7 \u03b1\u03bd\u03b5\u03c0\u03b1\u03bd\u03cc\u03c1\u03b8\u03c9\u03c4\u03b7 \u03b6\u03b7\u03bc\u03b9\u03ac \u03c0\u03bf\u03c5 \u03ad\u03c7\u03b5\u03b9 \u03c0\u03c1\u03bf\u03ba\u03bb\u03b7\u03b8\u03b5\u03af \u03c3\u03c4\u03b7\u03bd \u03b1\u03c4\u03bc\u03cc\u03c3\u03c6\u03b1\u03b9\u03c1\u03b1 \u03c4\u03b7\u03c2 \u03b3\u03b7\u03c2 \u03b1\u03c0\u03cc \u03c4\u03b7 \u03ba\u03b1\u03cd\u03c3\u03b7 \u03bf\u03c1\u03c5\u03ba\u03c4\u03ce\u03bd \u03ba\u03b1\u03c5\u03c3\u03af\u03bc\u03c9\u03bd, \u03bb\u03cc\u03b3\u03c9 \u03c4\u03b7\u03c2 \u03b5\u03ba\u03c0\u03bf\u03bc\u03c0\u03ae\u03c2 \u03b4\u03b9\u03bf\u03be\u03b5\u03b9\u03b4\u03af\u03bf\u03c5 \u03c4\u03bf\u03c5 \u03ac\u03bd\u03b8\u03c1\u03b1\u03ba\u03b1 (CO2), [&hellip;]\" \/>\n<meta property=\"og:url\" content=\"https:\/\/tharros-energy.com\/de\/viomaza\/\" \/>\n<meta property=\"og:site_name\" content=\"THARROS \u0395\u039d\u0395\u03a1\u0393\u0395\u0399\u0391\u039a\u0397\" \/>\n<meta property=\"article:modified_time\" content=\"2024-01-10T08:27:16+00:00\" \/>\n<meta name=\"twitter:card\" content=\"summary_large_image\" \/>\n<meta name=\"twitter:label1\" content=\"Gesch\u00e4tzte Lesezeit\" \/>\n\t<meta name=\"twitter:data1\" content=\"2\u00a0Minuten\" \/>\n<script type=\"application\/ld+json\" class=\"yoast-schema-graph\">{\"@context\":\"https:\\\/\\\/schema.org\",\"@graph\":[{\"@type\":\"WebPage\",\"@id\":\"https:\\\/\\\/tharros-energy.com\\\/viomaza\\\/\",\"url\":\"https:\\\/\\\/tharros-energy.com\\\/viomaza\\\/\",\"name\":\"\u0392\u03b9\u03bf\u03bc\u03ac\u03b6\u03b1 - THARROS \u0395\u039d\u0395\u03a1\u0393\u0395\u0399\u0391\u039a\u0397\",\"isPartOf\":{\"@id\":\"https:\\\/\\\/tharros-energy.com\\\/#website\"},\"datePublished\":\"2023-11-07T10:32:24+00:00\",\"dateModified\":\"2024-01-10T08:27:16+00:00\",\"breadcrumb\":{\"@id\":\"https:\\\/\\\/tharros-energy.com\\\/viomaza\\\/#breadcrumb\"},\"inLanguage\":\"de\",\"potentialAction\":[{\"@type\":\"ReadAction\",\"target\":[\"https:\\\/\\\/tharros-energy.com\\\/viomaza\\\/\"]}]},{\"@type\":\"BreadcrumbList\",\"@id\":\"https:\\\/\\\/tharros-energy.com\\\/viomaza\\\/#breadcrumb\",\"itemListElement\":[{\"@type\":\"ListItem\",\"position\":1,\"name\":\"\u0391\u03c1\u03c7\u03b9\u03ba\u03ae\",\"item\":\"https:\\\/\\\/tharros-energy.com\\\/\"},{\"@type\":\"ListItem\",\"position\":2,\"name\":\"\u0392\u03b9\u03bf\u03bc\u03ac\u03b6\u03b1\"}]},{\"@type\":\"WebSite\",\"@id\":\"https:\\\/\\\/tharros-energy.com\\\/#website\",\"url\":\"https:\\\/\\\/tharros-energy.com\\\/\",\"name\":\"THARROS \u0395\u039d\u0395\u03a1\u0393\u0395\u0399\u0391\u039a\u0397\",\"description\":\"\u0395\u03c0\u03b5\u03bd\u03b4\u03c5\u03c4\u03b9\u03ba\u03ac \u0388\u03c1\u03b3\u03b1 | \u0392\u03b9\u03bf\u03bc\u03ac\u03b6\u03b1 | \u0392\u03b9\u03bf\u03b1\u03ad\u03c1\u03b9\u03bf | Biodiesel | \u0391\u03bd\u03b1\u03bd\u03b5\u03ce\u03c3\u03b9\u03bc\u03b5\u03c2 \u03a0\u03b7\u03b3\u03ad\u03c2 \u0395\u03bd\u03ad\u03c1\u03b3\u03b5\u03b9\u03b1\u03c2 | \u03a4\u03b5\u03c7\u03bd\u03bf\u03bb\u03bf\u03b3\u03af\u03b1 \u0391\u03b5\u03c1\u03b9\u03bf\u03c0\u03bf\u03af\u03b7\u03c3\u03b7\u03c2 | \u0395\u03bd\u03b5\u03c1\u03b3\u03b5\u03b9\u03b1\u03ba\u03ac \u0388\u03c1\u03b3\u03b1 | \u03a4\u03b5\u03c7\u03bd\u03bf\u03bb\u03bf\u03b3\u03af\u03b1 \u0391\u03bd\u03b1\u03b5\u03c1\u03cc\u03b2\u03b9\u03b1\u03c2 \u03a7\u03ce\u03bd\u03b5\u03c5\u03c3\u03b7\u03c2 | \u03a6\u03c9\u03c4\u03bf\u03b2\u03bf\u03bb\u03c4\u03b1\u03ca\u03ba\u03ac | \u039b\u03ac\u03c1\u03b9\u03c3\u03b1 | \u0392\u03cc\u03bb\u03bf\u03c2 | \u03a4\u03c1\u03af\u03ba\u03b1\u03bb\u03b1 | \u039a\u03b1\u03c1\u03b4\u03af\u03c4\u03c3\u03b1\",\"publisher\":{\"@id\":\"https:\\\/\\\/tharros-energy.com\\\/#organization\"},\"potentialAction\":[{\"@type\":\"SearchAction\",\"target\":{\"@type\":\"EntryPoint\",\"urlTemplate\":\"https:\\\/\\\/tharros-energy.com\\\/?s={search_term_string}\"},\"query-input\":{\"@type\":\"PropertyValueSpecification\",\"valueRequired\":true,\"valueName\":\"search_term_string\"}}],\"inLanguage\":\"de\"},{\"@type\":\"Organization\",\"@id\":\"https:\\\/\\\/tharros-energy.com\\\/#organization\",\"name\":\"THARROS \u0395\u039d\u0395\u03a1\u0393\u0395\u0399\u0391\u039a\u0397\",\"url\":\"https:\\\/\\\/tharros-energy.com\\\/\",\"logo\":{\"@type\":\"ImageObject\",\"inLanguage\":\"de\",\"@id\":\"https:\\\/\\\/tharros-energy.com\\\/#\\\/schema\\\/logo\\\/image\\\/\",\"url\":\"https:\\\/\\\/tharros-energy.com\\\/wp-content\\\/uploads\\\/2023\\\/11\\\/logo-tharros-energy.jpg\",\"contentUrl\":\"https:\\\/\\\/tharros-energy.com\\\/wp-content\\\/uploads\\\/2023\\\/11\\\/logo-tharros-energy.jpg\",\"width\":240,\"height\":93,\"caption\":\"THARROS \u0395\u039d\u0395\u03a1\u0393\u0395\u0399\u0391\u039a\u0397\"},\"image\":{\"@id\":\"https:\\\/\\\/tharros-energy.com\\\/#\\\/schema\\\/logo\\\/image\\\/\"}}]}<\/script>\n<!-- \/ Yoast SEO Premium plugin. -->","yoast_head_json":{"title":"\u0392\u03b9\u03bf\u03bc\u03ac\u03b6\u03b1 - THARROS \u0395\u039d\u0395\u03a1\u0393\u0395\u0399\u0391\u039a\u0397","robots":{"index":"index","follow":"follow","max-snippet":"max-snippet:-1","max-image-preview":"max-image-preview:large","max-video-preview":"max-video-preview:-1"},"canonical":"https:\/\/tharros-energy.com\/de\/viomaza\/","og_locale":"de_DE","og_type":"article","og_title":"\u0392\u03b9\u03bf\u03bc\u03ac\u03b6\u03b1","og_description":"\u0395\u03af\u03c3\u03c4\u03b5 \u03b5\u03b4\u03ce: \u0391\u03c1\u03c7\u03b9\u03ba\u03ae \u00bb \u0392\u0399\u039f\u039c\u0391\u0396\u0391 \u0391\u03b5\u03c1\u03b9\u03bf\u03c0\u03bf\u03af\u03b7\u03c3\u03b7 Biodiesel \u0391\u03bd\u03b1\u03b5\u03c1\u03cc\u03b2\u03b9\u03b1 \u03a7\u03ce\u03bd\u03b5\u03c5\u03c3\u03b7 \u0397 \u0392\u03b9\u03bf\u03bc\u03ac\u03b6\u03b1 \u03ba\u03b1\u03b9 \u03c4\u03b1 \u0392\u03b9\u03bf\u03ba\u03b1\u03cd\u03c3\u03b9\u03bc\u03b1 \u03b8\u03b5\u03c9\u03c1\u03bf\u03cd\u03bd\u03c4\u03b1\u03b9 \u03bf\u03b9 \u03b9\u03c3\u03c7\u03c5\u03c1\u03bf\u03af \u03c3\u03c5\u03bd\u03c4\u03b5\u03bb\u03b5\u03c3\u03c4\u03ad\u03c2 \u03c4\u03b7\u03c2 \u03b1\u03b3\u03bf\u03c1\u03ac\u03c2 \u03bc\u03b5 \u03c5\u03c8\u03b7\u03bb\u03ad\u03c2 \u03c0\u03c1\u03bf\u03bf\u03c0\u03c4\u03b9\u03ba\u03ad\u03c2 \u03b1\u03bd\u03ac\u03c0\u03c4\u03c5\u03be\u03b7\u03c2 \u0397 \u03b5\u03be\u03ac\u03bd\u03c4\u03bb\u03b7\u03c3\u03b7 \u03c4\u03c9\u03bd \u03c3\u03c5\u03bc\u03b2\u03b1\u03c4\u03b9\u03ba\u03ce\u03bd, \u03bc\u03b7 \u03b1\u03bd\u03b1\u03bd\u03b5\u03ce\u03c3\u03b9\u03bc\u03c9\u03bd \u03ba\u03b1\u03c5\u03c3\u03af\u03bc\u03c9\u03bd, \u03ba\u03b1\u03b8\u03ce\u03c2 \u03ba\u03b1\u03b9 \u03b7 \u03b1\u03bd\u03b5\u03c0\u03b1\u03bd\u03cc\u03c1\u03b8\u03c9\u03c4\u03b7 \u03b6\u03b7\u03bc\u03b9\u03ac \u03c0\u03bf\u03c5 \u03ad\u03c7\u03b5\u03b9 \u03c0\u03c1\u03bf\u03ba\u03bb\u03b7\u03b8\u03b5\u03af \u03c3\u03c4\u03b7\u03bd \u03b1\u03c4\u03bc\u03cc\u03c3\u03c6\u03b1\u03b9\u03c1\u03b1 \u03c4\u03b7\u03c2 \u03b3\u03b7\u03c2 \u03b1\u03c0\u03cc \u03c4\u03b7 \u03ba\u03b1\u03cd\u03c3\u03b7 \u03bf\u03c1\u03c5\u03ba\u03c4\u03ce\u03bd \u03ba\u03b1\u03c5\u03c3\u03af\u03bc\u03c9\u03bd, \u03bb\u03cc\u03b3\u03c9 \u03c4\u03b7\u03c2 \u03b5\u03ba\u03c0\u03bf\u03bc\u03c0\u03ae\u03c2 \u03b4\u03b9\u03bf\u03be\u03b5\u03b9\u03b4\u03af\u03bf\u03c5 \u03c4\u03bf\u03c5 \u03ac\u03bd\u03b8\u03c1\u03b1\u03ba\u03b1 (CO2), [&hellip;]","og_url":"https:\/\/tharros-energy.com\/de\/viomaza\/","og_site_name":"THARROS \u0395\u039d\u0395\u03a1\u0393\u0395\u0399\u0391\u039a\u0397","article_modified_time":"2024-01-10T08:27:16+00:00","twitter_card":"summary_large_image","twitter_misc":{"Gesch\u00e4tzte Lesezeit":"2\u00a0Minuten"},"schema":{"@context":"https:\/\/schema.org","@graph":[{"@type":"WebPage","@id":"https:\/\/tharros-energy.com\/viomaza\/","url":"https:\/\/tharros-energy.com\/viomaza\/","name":"\u0392\u03b9\u03bf\u03bc\u03ac\u03b6\u03b1 - THARROS \u0395\u039d\u0395\u03a1\u0393\u0395\u0399\u0391\u039a\u0397","isPartOf":{"@id":"https:\/\/tharros-energy.com\/#website"},"datePublished":"2023-11-07T10:32:24+00:00","dateModified":"2024-01-10T08:27:16+00:00","breadcrumb":{"@id":"https:\/\/tharros-energy.com\/viomaza\/#breadcrumb"},"inLanguage":"de","potentialAction":[{"@type":"ReadAction","target":["https:\/\/tharros-energy.com\/viomaza\/"]}]},{"@type":"BreadcrumbList","@id":"https:\/\/tharros-energy.com\/viomaza\/#breadcrumb","itemListElement":[{"@type":"ListItem","position":1,"name":"\u0391\u03c1\u03c7\u03b9\u03ba\u03ae","item":"https:\/\/tharros-energy.com\/"},{"@type":"ListItem","position":2,"name":"\u0392\u03b9\u03bf\u03bc\u03ac\u03b6\u03b1"}]},{"@type":"WebSite","@id":"https:\/\/tharros-energy.com\/#website","url":"https:\/\/tharros-energy.com\/","name":"THARROS ENERGY","description":"\u0395\u03c0\u03b5\u03bd\u03b4\u03c5\u03c4\u03b9\u03ba\u03ac \u0388\u03c1\u03b3\u03b1 | \u0392\u03b9\u03bf\u03bc\u03ac\u03b6\u03b1 | \u0392\u03b9\u03bf\u03b1\u03ad\u03c1\u03b9\u03bf | Biodiesel | \u0391\u03bd\u03b1\u03bd\u03b5\u03ce\u03c3\u03b9\u03bc\u03b5\u03c2 \u03a0\u03b7\u03b3\u03ad\u03c2 \u0395\u03bd\u03ad\u03c1\u03b3\u03b5\u03b9\u03b1\u03c2 | \u03a4\u03b5\u03c7\u03bd\u03bf\u03bb\u03bf\u03b3\u03af\u03b1 \u0391\u03b5\u03c1\u03b9\u03bf\u03c0\u03bf\u03af\u03b7\u03c3\u03b7\u03c2 | \u0395\u03bd\u03b5\u03c1\u03b3\u03b5\u03b9\u03b1\u03ba\u03ac \u0388\u03c1\u03b3\u03b1 | \u03a4\u03b5\u03c7\u03bd\u03bf\u03bb\u03bf\u03b3\u03af\u03b1 \u0391\u03bd\u03b1\u03b5\u03c1\u03cc\u03b2\u03b9\u03b1\u03c2 \u03a7\u03ce\u03bd\u03b5\u03c5\u03c3\u03b7\u03c2 | \u03a6\u03c9\u03c4\u03bf\u03b2\u03bf\u03bb\u03c4\u03b1\u03ca\u03ba\u03ac | \u039b\u03ac\u03c1\u03b9\u03c3\u03b1 | \u0392\u03cc\u03bb\u03bf\u03c2 | \u03a4\u03c1\u03af\u03ba\u03b1\u03bb\u03b1 | \u039a\u03b1\u03c1\u03b4\u03af\u03c4\u03c3\u03b1","publisher":{"@id":"https:\/\/tharros-energy.com\/#organization"},"potentialAction":[{"@type":"SearchAction","target":{"@type":"EntryPoint","urlTemplate":"https:\/\/tharros-energy.com\/?s={search_term_string}"},"query-input":{"@type":"PropertyValueSpecification","valueRequired":true,"valueName":"search_term_string"}}],"inLanguage":"de"},{"@type":"Organization","@id":"https:\/\/tharros-energy.com\/#organization","name":"THARROS ENERGY","url":"https:\/\/tharros-energy.com\/","logo":{"@type":"ImageObject","inLanguage":"de","@id":"https:\/\/tharros-energy.com\/#\/schema\/logo\/image\/","url":"https:\/\/tharros-energy.com\/wp-content\/uploads\/2023\/11\/logo-tharros-energy.jpg","contentUrl":"https:\/\/tharros-energy.com\/wp-content\/uploads\/2023\/11\/logo-tharros-energy.jpg","width":240,"height":93,"caption":"THARROS \u0395\u039d\u0395\u03a1\u0393\u0395\u0399\u0391\u039a\u0397"},"image":{"@id":"https:\/\/tharros-energy.com\/#\/schema\/logo\/image\/"}}]}},"_links":{"self":[{"href":"https:\/\/tharros-energy.com\/de\/wp-json\/wp\/v2\/pages\/17","targetHints":{"allow":["GET"]}}],"collection":[{"href":"https:\/\/tharros-energy.com\/de\/wp-json\/wp\/v2\/pages"}],"about":[{"href":"https:\/\/tharros-energy.com\/de\/wp-json\/wp\/v2\/types\/page"}],"author":[{"embeddable":true,"href":"https:\/\/tharros-energy.com\/de\/wp-json\/wp\/v2\/users\/1"}],"replies":[{"embeddable":true,"href":"https:\/\/tharros-energy.com\/de\/wp-json\/wp\/v2\/comments?post=17"}],"version-history":[{"count":22,"href":"https:\/\/tharros-energy.com\/de\/wp-json\/wp\/v2\/pages\/17\/revisions"}],"predecessor-version":[{"id":1138,"href":"https:\/\/tharros-energy.com\/de\/wp-json\/wp\/v2\/pages\/17\/revisions\/1138"}],"wp:attachment":[{"href":"https:\/\/tharros-energy.com\/de\/wp-json\/wp\/v2\/media?parent=17"}],"curies":[{"name":"wp","href":"https:\/\/api.w.org\/{rel}","templated":true}]}}